{"id":1129,"date":"2022-03-13T16:39:20","date_gmt":"2022-03-13T16:39:20","guid":{"rendered":"https:\/\/sushikings.it\/?page_id=1129"},"modified":"2022-08-01T08:45:07","modified_gmt":"2022-08-01T08:45:07","slug":"take-away-2","status":"publish","type":"page","link":"https:\/\/sushikings.it\/?page_id=1129","title":{"rendered":"Take away"},"content":{"rendered":"\t\t<div data-elementor-type=\"wp-page\" data-elementor-id=\"1129\" class=\"elementor elementor-1129\">\n\t\t\t\t\t\t<section class=\"elementor-section elementor-top-section elementor-element elementor-element-16c7901 elementor-section-stretched elementor-section-boxed elementor-section-height-default elementor-section-height-default\" data-id=\"16c7901\" data-element_type=\"section\" data-e-type=\"section\" data-settings=\"{&quot;stretch_section&quot;:&quot;section-stretched&quot;,&quot;background_background&quot;:&quot;classic&quot;}\">\n\t\t\t\t\t\t\t<div class=\"elementor-background-overlay\"><\/div>\n\t\t\t\t\t\t\t<div class=\"elementor-container elementor-column-gap-default\">\n\t\t\t\t\t<div class=\"elementor-column elementor-col-50 elementor-top-column elementor-element elementor-element-e2d8288\" data-id=\"e2d8288\" data-element_type=\"column\" data-e-type=\"column\">\n\t\t\t<div class=\"elementor-widget-wrap elementor-element-populated\">\n\t\t\t\t\t\t<div class=\"elementor-element elementor-element-2e3962b elementor-widget elementor-widget-text-editor\" data-id=\"2e3962b\" data-element_type=\"widget\" data-e-type=\"widget\" data-widget_type=\"text-editor.default\">\n\t\t\t\t<div class=\"elementor-widget-container\">\n\t\t\t\t\t\t\t\t\t<h2>\u00a0<\/h2><h2>\u00a0<\/h2><h2 style=\"text-align: center;\">Take away<\/h2><p style=\"text-align: center;\"><span style=\"color: #ffffff;\">Non vuoi cucinare? Il nostro servizio d&#8217;asporto ti offre la possibilit\u00e0 di gustare le specialit\u00e0 della cucina giapponese a casa e in ufficio.<\/span><\/p>\t\t\t\t\t\t\t\t<\/div>\n\t\t\t\t<\/div>\n\t\t\t\t\t<\/div>\n\t\t<\/div>\n\t\t\t\t<div class=\"elementor-column elementor-col-50 elementor-top-column elementor-element elementor-element-4340056\" data-id=\"4340056\" data-element_type=\"column\" data-e-type=\"column\" id=\"menn\">\n\t\t\t<div class=\"elementor-widget-wrap elementor-element-populated\">\n\t\t\t\t\t\t<div class=\"elementor-element elementor-element-8c4564f elementor-widget elementor-widget-spacer\" data-id=\"8c4564f\" data-element_type=\"widget\" data-e-type=\"widget\" data-widget_type=\"spacer.default\">\n\t\t\t\t<div class=\"elementor-widget-container\">\n\t\t\t\t\t\t\t<div class=\"elementor-spacer\">\n\t\t\t<div class=\"elementor-spacer-inner\"><\/div>\n\t\t<\/div>\n\t\t\t\t\t\t<\/div>\n\t\t\t\t<\/div>\n\t\t\t\t<div class=\"elementor-element elementor-element-cba9103 elementor-widget elementor-widget-heading\" data-id=\"cba9103\" data-element_type=\"widget\" data-e-type=\"widget\" data-widget_type=\"heading.default\">\n\t\t\t\t<div class=\"elementor-widget-container\">\n\t\t\t\t\t<h2 class=\"elementor-heading-title elementor-size-default\"><a href=\"https:\/\/sushikings.it\/wp-content\/uploads\/2022\/08\/kings-take-away-1.pdf\">Ordina da ristorante arzignano<\/a><\/h2>\t\t\t\t<\/div>\n\t\t\t\t<\/div>\n\t\t\t\t<div class=\"elementor-element elementor-element-90eeb26 elementor-widget elementor-widget-heading\" data-id=\"90eeb26\" data-element_type=\"widget\" data-e-type=\"widget\" data-widget_type=\"heading.default\">\n\t\t\t\t<div class=\"elementor-widget-container\">\n\t\t\t\t\t<h2 class=\"elementor-heading-title elementor-size-default\"><a href=\"https:\/\/sushikings.it\/wp-content\/uploads\/2022\/08\/kings-take-away-1.pdf\">Ordina da ristorante ros\u00e0<\/a><\/h2>\t\t\t\t<\/div>\n\t\t\t\t<\/div>\n\t\t\t\t<div class=\"elementor-element elementor-element-49d37a5 elementor-widget elementor-widget-heading\" data-id=\"49d37a5\" data-element_type=\"widget\" data-e-type=\"widget\" data-widget_type=\"heading.default\">\n\t\t\t\t<div class=\"elementor-widget-container\">\n\t\t\t\t\t<h2 class=\"elementor-heading-title elementor-size-default\"><a href=\"https:\/\/sushikings.it\/wp-content\/uploads\/2022\/08\/kings-take-away-1.pdf\">Ordina da ristorante verona<\/a><\/h2>\t\t\t\t<\/div>\n\t\t\t\t<\/div>\n\t\t\t\t<div class=\"elementor-element elementor-element-22c7cdd elementor-widget elementor-widget-spacer\" data-id=\"22c7cdd\" data-element_type=\"widget\" data-e-type=\"widget\" data-widget_type=\"spacer.default\">\n\t\t\t\t<div class=\"elementor-widget-container\">\n\t\t\t\t\t\t\t<div class=\"elementor-spacer\">\n\t\t\t<div class=\"elementor-spacer-inner\"><\/div>\n\t\t<\/div>\n\t\t\t\t\t\t<\/div>\n\t\t\t\t<\/div>\n\t\t\t\t\t<\/div>\n\t\t<\/div>\n\t\t\t\t\t<\/div>\n\t\t<\/section>\n\t\t\t\t<\/div>\n\t\t","protected":false},"excerpt":{"rendered":"<p>\u00a0 \u00a0 Take away Non vuoi cucinare? Il nostro servizio d&#8217;asporto ti offre la possibilit\u00e0 di gustare le specialit\u00e0 della cucina giapponese a casa e in ufficio. Ordina da ristorante arzignano Ordina da ristorante ros\u00e0 Ordina da ristorante verona<\/p>\n","protected":false},"author":1,"featured_media":0,"parent":0,"menu_order":0,"comment_status":"closed","ping_status":"closed","template":"","meta":{"footnotes":""},"class_list":["post-1129","page","type-page","status-publish"],"yoast_head":"<!-- This site is optimized with the Yoast SEO plugin v27.5 - https:\/\/yoast.com\/product\/yoast-seo-wordpress\/ -->\n<title>Take away - Sushi King&#039;s<\/title>\n<meta name=\"robots\" content=\"index, follow, max-snippet:-1, max-image-preview:large, max-video-preview:-1\" \/>\n<link rel=\"canonical\" href=\"https:\/\/sushikings.it\/?page_id=1129\" \/>\n<meta property=\"og:locale\" content=\"en_US\" \/>\n<meta property=\"og:type\" content=\"article\" \/>\n<meta property=\"og:title\" content=\"Take away - Sushi King&#039;s\" \/>\n<meta property=\"og:description\" content=\"\u00a0 \u00a0 Take away Non vuoi cucinare? Il nostro servizio d&#8217;asporto ti offre la possibilit\u00e0 di gustare le specialit\u00e0 della cucina giapponese a casa e in ufficio. Ordina da ristorante arzignano Ordina da ristorante ros\u00e0 Ordina da ristorante verona\" \/>\n<meta property=\"og:url\" content=\"https:\/\/sushikings.it\/?page_id=1129\" \/>\n<meta property=\"og:site_name\" content=\"Sushi King&#039;s\" \/>\n<meta property=\"article:modified_time\" content=\"2022-08-01T08:45:07+00:00\" \/>\n<meta name=\"twitter:card\" content=\"summary_large_image\" \/>\n<meta name=\"twitter:label1\" content=\"Est. reading time\" \/>\n\t<meta name=\"twitter:data1\" content=\"1 minute\" \/>\n<script type=\"application\/ld+json\" class=\"yoast-schema-graph\">{\"@context\":\"https:\\\/\\\/schema.org\",\"@graph\":[{\"@type\":\"WebPage\",\"@id\":\"https:\\\/\\\/sushikings.it\\\/?page_id=1129\",\"url\":\"https:\\\/\\\/sushikings.it\\\/?page_id=1129\",\"name\":\"Take away - Sushi King&#039;s\",\"isPartOf\":{\"@id\":\"https:\\\/\\\/sushikings.it\\\/#website\"},\"datePublished\":\"2022-03-13T16:39:20+00:00\",\"dateModified\":\"2022-08-01T08:45:07+00:00\",\"breadcrumb\":{\"@id\":\"https:\\\/\\\/sushikings.it\\\/?page_id=1129#breadcrumb\"},\"inLanguage\":\"en-US\",\"potentialAction\":[{\"@type\":\"ReadAction\",\"target\":[\"https:\\\/\\\/sushikings.it\\\/?page_id=1129\"]}]},{\"@type\":\"BreadcrumbList\",\"@id\":\"https:\\\/\\\/sushikings.it\\\/?page_id=1129#breadcrumb\",\"itemListElement\":[{\"@type\":\"ListItem\",\"position\":1,\"name\":\"Home\",\"item\":\"https:\\\/\\\/sushikings.it\\\/\"},{\"@type\":\"ListItem\",\"position\":2,\"name\":\"Take away\"}]},{\"@type\":\"WebSite\",\"@id\":\"https:\\\/\\\/sushikings.it\\\/#website\",\"url\":\"https:\\\/\\\/sushikings.it\\\/\",\"name\":\"Sushi King&#039;s\",\"description\":\"Sushi King&#039;s\",\"potentialAction\":[{\"@type\":\"SearchAction\",\"target\":{\"@type\":\"EntryPoint\",\"urlTemplate\":\"https:\\\/\\\/sushikings.it\\\/?s={search_term_string}\"},\"query-input\":{\"@type\":\"PropertyValueSpecification\",\"valueRequired\":true,\"valueName\":\"search_term_string\"}}],\"inLanguage\":\"en-US\"}]}<\/script>\n<!-- \/ Yoast SEO plugin. -->","yoast_head_json":{"title":"Take away - Sushi King&#039;s","robots":{"index":"index","follow":"follow","max-snippet":"max-snippet:-1","max-image-preview":"max-image-preview:large","max-video-preview":"max-video-preview:-1"},"canonical":"https:\/\/sushikings.it\/?page_id=1129","og_locale":"en_US","og_type":"article","og_title":"Take away - Sushi King&#039;s","og_description":"\u00a0 \u00a0 Take away Non vuoi cucinare? Il nostro servizio d&#8217;asporto ti offre la possibilit\u00e0 di gustare le specialit\u00e0 della cucina giapponese a casa e in ufficio. Ordina da ristorante arzignano Ordina da ristorante ros\u00e0 Ordina da ristorante verona","og_url":"https:\/\/sushikings.it\/?page_id=1129","og_site_name":"Sushi King&#039;s","article_modified_time":"2022-08-01T08:45:07+00:00","twitter_card":"summary_large_image","twitter_misc":{"Est. reading time":"1 minute"},"schema":{"@context":"https:\/\/schema.org","@graph":[{"@type":"WebPage","@id":"https:\/\/sushikings.it\/?page_id=1129","url":"https:\/\/sushikings.it\/?page_id=1129","name":"Take away - Sushi King&#039;s","isPartOf":{"@id":"https:\/\/sushikings.it\/#website"},"datePublished":"2022-03-13T16:39:20+00:00","dateModified":"2022-08-01T08:45:07+00:00","breadcrumb":{"@id":"https:\/\/sushikings.it\/?page_id=1129#breadcrumb"},"inLanguage":"en-US","potentialAction":[{"@type":"ReadAction","target":["https:\/\/sushikings.it\/?page_id=1129"]}]},{"@type":"BreadcrumbList","@id":"https:\/\/sushikings.it\/?page_id=1129#breadcrumb","itemListElement":[{"@type":"ListItem","position":1,"name":"Home","item":"https:\/\/sushikings.it\/"},{"@type":"ListItem","position":2,"name":"Take away"}]},{"@type":"WebSite","@id":"https:\/\/sushikings.it\/#website","url":"https:\/\/sushikings.it\/","name":"Sushi King&#039;s","description":"Sushi King&#039;s","potentialAction":[{"@type":"SearchAction","target":{"@type":"EntryPoint","urlTemplate":"https:\/\/sushikings.it\/?s={search_term_string}"},"query-input":{"@type":"PropertyValueSpecification","valueRequired":true,"valueName":"search_term_string"}}],"inLanguage":"en-US"}]}},"_links":{"self":[{"href":"https:\/\/sushikings.it\/index.php?rest_route=\/wp\/v2\/pages\/1129","targetHints":{"allow":["GET"]}}],"collection":[{"href":"https:\/\/sushikings.it\/index.php?rest_route=\/wp\/v2\/pages"}],"about":[{"href":"https:\/\/sushikings.it\/index.php?rest_route=\/wp\/v2\/types\/page"}],"author":[{"embeddable":true,"href":"https:\/\/sushikings.it\/index.php?rest_route=\/wp\/v2\/users\/1"}],"replies":[{"embeddable":true,"href":"https:\/\/sushikings.it\/index.php?rest_route=%2Fwp%2Fv2%2Fcomments&post=1129"}],"version-history":[{"count":34,"href":"https:\/\/sushikings.it\/index.php?rest_route=\/wp\/v2\/pages\/1129\/revisions"}],"predecessor-version":[{"id":1242,"href":"https:\/\/sushikings.it\/index.php?rest_route=\/wp\/v2\/pages\/1129\/revisions\/1242"}],"wp:attachment":[{"href":"https:\/\/sushikings.it\/index.php?rest_route=%2Fwp%2Fv2%2Fmedia&parent=1129"}],"curies":[{"name":"wp","href":"https:\/\/api.w.org\/{rel}","templated":true}]}}