{"id":1259,"date":"2022-08-30T15:09:49","date_gmt":"2022-08-30T15:09:49","guid":{"rendered":"https:\/\/sushikings.it\/?page_id=1259"},"modified":"2024-12-12T18:53:23","modified_gmt":"2024-12-12T18:53:23","slug":"verona","status":"publish","type":"page","link":"https:\/\/sushikings.it\/?page_id=1259","title":{"rendered":"Verona"},"content":{"rendered":"\t\t<div data-elementor-type=\"wp-page\" data-elementor-id=\"1259\" class=\"elementor elementor-1259\">\n\t\t\t\t\t\t<section class=\"elementor-section elementor-top-section elementor-element elementor-element-16c7901 elementor-section-full_width elementor-section-stretched elementor-section-height-default elementor-section-height-default\" data-id=\"16c7901\" data-element_type=\"section\" data-e-type=\"section\" data-settings=\"{&quot;stretch_section&quot;:&quot;section-stretched&quot;,&quot;background_background&quot;:&quot;classic&quot;}\">\n\t\t\t\t\t\t\t<div class=\"elementor-background-overlay\"><\/div>\n\t\t\t\t\t\t\t<div class=\"elementor-container elementor-column-gap-default\">\n\t\t\t\t\t<div class=\"elementor-column elementor-col-50 elementor-top-column elementor-element elementor-element-e2d8288\" data-id=\"e2d8288\" data-element_type=\"column\" data-e-type=\"column\">\n\t\t\t<div class=\"elementor-widget-wrap elementor-element-populated\">\n\t\t\t\t\t\t<div class=\"elementor-element elementor-element-2e3962b elementor-widget elementor-widget-text-editor\" data-id=\"2e3962b\" data-element_type=\"widget\" data-e-type=\"widget\" data-widget_type=\"text-editor.default\">\n\t\t\t\t<div class=\"elementor-widget-container\">\n\t\t\t\t\t\t\t\t\t<h2>\u00a0<\/h2><h2 style=\"text-align: center;\">SUSHI KING&#8217;S VERONA<\/h2><p style=\"text-align: center;\"><span style=\"color: #ffffff;\">Via Col.Giovanni Fincato 154<\/span><\/p><p style=\"text-align: center;\"><span style=\"color: #ffffff;\">Tel : <a style=\"color: #ffffff;\" href=\"tel:+393882530290\">3882530290<\/a><\/span><\/p><p style=\"text-align: center;\"><span style=\"color: #ffffff;\">Email: <a style=\"color: #ffffff;\" href=\"mailto:sushikings003@gmail.com\">sushikings003@gmail.com<\/a><\/span><\/p>\t\t\t\t\t\t\t\t<\/div>\n\t\t\t\t<\/div>\n\t\t\t\t\t<\/div>\n\t\t<\/div>\n\t\t\t\t<div class=\"elementor-column elementor-col-50 elementor-top-column elementor-element elementor-element-4340056\" data-id=\"4340056\" data-element_type=\"column\" data-e-type=\"column\" id=\"menn\">\n\t\t\t<div class=\"elementor-widget-wrap elementor-element-populated\">\n\t\t\t\t\t\t<div class=\"elementor-element elementor-element-8c4564f elementor-widget elementor-widget-spacer\" data-id=\"8c4564f\" data-element_type=\"widget\" data-e-type=\"widget\" data-widget_type=\"spacer.default\">\n\t\t\t\t<div class=\"elementor-widget-container\">\n\t\t\t\t\t\t\t<div class=\"elementor-spacer\">\n\t\t\t<div class=\"elementor-spacer-inner\"><\/div>\n\t\t<\/div>\n\t\t\t\t\t\t<\/div>\n\t\t\t\t<\/div>\n\t\t\t\t<div class=\"elementor-element elementor-element-cba9103 elementor-widget elementor-widget-heading\" data-id=\"cba9103\" data-element_type=\"widget\" data-e-type=\"widget\" data-widget_type=\"heading.default\">\n\t\t\t\t<div class=\"elementor-widget-container\">\n\t\t\t\t\t<h2 class=\"elementor-heading-title elementor-size-default\"><a href=\"https:\/\/sushikings.it\/wp-content\/uploads\/2024\/12\/VERONA-PRANZO.pdf\">Men\u00f9 pranzo<\/a><\/h2>\t\t\t\t<\/div>\n\t\t\t\t<\/div>\n\t\t\t\t<div class=\"elementor-element elementor-element-6549855 elementor-widget elementor-widget-heading\" data-id=\"6549855\" data-element_type=\"widget\" data-e-type=\"widget\" data-widget_type=\"heading.default\">\n\t\t\t\t<div class=\"elementor-widget-container\">\n\t\t\t\t\t<h2 class=\"elementor-heading-title elementor-size-default\"><a href=\"https:\/\/sushikings.it\/wp-content\/uploads\/2024\/12\/VERONA-pranzo-festivo.pdf\">Men\u00f9 pranzo festivo<\/a><\/h2>\t\t\t\t<\/div>\n\t\t\t\t<\/div>\n\t\t\t\t<div class=\"elementor-element elementor-element-90eeb26 elementor-widget elementor-widget-heading\" data-id=\"90eeb26\" data-element_type=\"widget\" data-e-type=\"widget\" data-widget_type=\"heading.default\">\n\t\t\t\t<div class=\"elementor-widget-container\">\n\t\t\t\t\t<h2 class=\"elementor-heading-title elementor-size-default\"><a href=\"https:\/\/sushikings.it\/wp-content\/uploads\/2024\/12\/VERONA-CENA.pdf\">Men\u00f9 cena<\/a><\/h2>\t\t\t\t<\/div>\n\t\t\t\t<\/div>\n\t\t\t\t<div class=\"elementor-element elementor-element-22c7cdd elementor-widget elementor-widget-spacer\" data-id=\"22c7cdd\" data-element_type=\"widget\" data-e-type=\"widget\" data-widget_type=\"spacer.default\">\n\t\t\t\t<div class=\"elementor-widget-container\">\n\t\t\t\t\t\t\t<div class=\"elementor-spacer\">\n\t\t\t<div class=\"elementor-spacer-inner\"><\/div>\n\t\t<\/div>\n\t\t\t\t\t\t<\/div>\n\t\t\t\t<\/div>\n\t\t\t\t\t<\/div>\n\t\t<\/div>\n\t\t\t\t\t<\/div>\n\t\t<\/section>\n\t\t\t\t<section class=\"elementor-section elementor-top-section elementor-element elementor-element-ccdab2f elementor-section-boxed elementor-section-height-default elementor-section-height-default\" data-id=\"ccdab2f\" data-element_type=\"section\" data-e-type=\"section\">\n\t\t\t\t\t\t<div class=\"elementor-container elementor-column-gap-default\">\n\t\t\t\t\t<div class=\"elementor-column elementor-col-100 elementor-top-column elementor-element elementor-element-e2446dc\" data-id=\"e2446dc\" data-element_type=\"column\" data-e-type=\"column\">\n\t\t\t<div class=\"elementor-widget-wrap elementor-element-populated\">\n\t\t\t\t\t\t<div class=\"elementor-element elementor-element-ceb8326 elementor-widget elementor-widget-spacer\" data-id=\"ceb8326\" data-element_type=\"widget\" data-e-type=\"widget\" data-widget_type=\"spacer.default\">\n\t\t\t\t<div class=\"elementor-widget-container\">\n\t\t\t\t\t\t\t<div class=\"elementor-spacer\">\n\t\t\t<div class=\"elementor-spacer-inner\"><\/div>\n\t\t<\/div>\n\t\t\t\t\t\t<\/div>\n\t\t\t\t<\/div>\n\t\t\t\t\t<\/div>\n\t\t<\/div>\n\t\t\t\t\t<\/div>\n\t\t<\/section>\n\t\t\t\t<section class=\"elementor-section elementor-top-section elementor-element elementor-element-720c08d elementor-section-stretched elementor-section-boxed elementor-section-height-default elementor-section-height-default\" data-id=\"720c08d\" data-element_type=\"section\" data-e-type=\"section\" data-settings=\"{&quot;stretch_section&quot;:&quot;section-stretched&quot;}\">\n\t\t\t\t\t\t<div class=\"elementor-container elementor-column-gap-default\">\n\t\t\t\t\t<div class=\"elementor-column elementor-col-100 elementor-top-column elementor-element elementor-element-435c63f\" data-id=\"435c63f\" data-element_type=\"column\" data-e-type=\"column\">\n\t\t\t<div class=\"elementor-widget-wrap elementor-element-populated\">\n\t\t\t\t\t\t<div class=\"elementor-element elementor-element-6680d2d elementor-widget elementor-widget-heading\" data-id=\"6680d2d\" data-element_type=\"widget\" data-e-type=\"widget\" data-widget_type=\"heading.default\">\n\t\t\t\t<div class=\"elementor-widget-container\">\n\t\t\t\t\t<h2 class=\"elementor-heading-title elementor-size-default\">La nostra location<\/h2>\t\t\t\t<\/div>\n\t\t\t\t<\/div>\n\t\t\t\t\t<\/div>\n\t\t<\/div>\n\t\t\t\t\t<\/div>\n\t\t<\/section>\n\t\t\t\t<section class=\"elementor-section elementor-top-section elementor-element elementor-element-c7545dc elementor-section-boxed elementor-section-height-default elementor-section-height-default\" data-id=\"c7545dc\" data-element_type=\"section\" data-e-type=\"section\">\n\t\t\t\t\t\t<div class=\"elementor-container elementor-column-gap-default\">\n\t\t\t\t\t<div class=\"elementor-column elementor-col-100 elementor-top-column elementor-element elementor-element-a184c30\" data-id=\"a184c30\" data-element_type=\"column\" data-e-type=\"column\">\n\t\t\t<div class=\"elementor-widget-wrap elementor-element-populated\">\n\t\t\t\t\t\t<div class=\"elementor-element elementor-element-51861b1 elementor-widget elementor-widget-spacer\" data-id=\"51861b1\" data-element_type=\"widget\" data-e-type=\"widget\" data-widget_type=\"spacer.default\">\n\t\t\t\t<div class=\"elementor-widget-container\">\n\t\t\t\t\t\t\t<div class=\"elementor-spacer\">\n\t\t\t<div class=\"elementor-spacer-inner\"><\/div>\n\t\t<\/div>\n\t\t\t\t\t\t<\/div>\n\t\t\t\t<\/div>\n\t\t\t\t\t<\/div>\n\t\t<\/div>\n\t\t\t\t\t<\/div>\n\t\t<\/section>\n\t\t\t\t<section class=\"elementor-section elementor-top-section elementor-element elementor-element-547b4bd elementor-section-stretched elementor-section-boxed elementor-section-height-default elementor-section-height-default\" data-id=\"547b4bd\" data-element_type=\"section\" data-e-type=\"section\" data-settings=\"{&quot;stretch_section&quot;:&quot;section-stretched&quot;}\">\n\t\t\t\t\t\t<div class=\"elementor-container elementor-column-gap-default\">\n\t\t\t\t\t<div class=\"elementor-column elementor-col-50 elementor-top-column elementor-element elementor-element-00257a6\" data-id=\"00257a6\" data-element_type=\"column\" data-e-type=\"column\">\n\t\t\t<div class=\"elementor-widget-wrap elementor-element-populated\">\n\t\t\t\t\t\t<div class=\"elementor-element elementor-element-426654b elementor-widget elementor-widget-image\" data-id=\"426654b\" data-element_type=\"widget\" data-e-type=\"widget\" data-widget_type=\"image.default\">\n\t\t\t\t<div class=\"elementor-widget-container\">\n\t\t\t\t\t\t\t\t\t\t\t\t\t\t\t<img fetchpriority=\"high\" decoding=\"async\" width=\"800\" height=\"534\" src=\"https:\/\/sushikings.it\/wp-content\/uploads\/2022\/08\/image_6487327-1-1024x683.jpg\" class=\"attachment-large size-large wp-image-1251\" alt=\"\" srcset=\"https:\/\/sushikings.it\/wp-content\/uploads\/2022\/08\/image_6487327-1-1024x683.jpg 1024w, https:\/\/sushikings.it\/wp-content\/uploads\/2022\/08\/image_6487327-1-300x200.jpg 300w, https:\/\/sushikings.it\/wp-content\/uploads\/2022\/08\/image_6487327-1-768x512.jpg 768w, https:\/\/sushikings.it\/wp-content\/uploads\/2022\/08\/image_6487327-1-1536x1024.jpg 1536w, https:\/\/sushikings.it\/wp-content\/uploads\/2022\/08\/image_6487327-1-2048x1366.jpg 2048w\" sizes=\"(max-width: 800px) 100vw, 800px\" \/>\t\t\t\t\t\t\t\t\t\t\t\t\t\t\t<\/div>\n\t\t\t\t<\/div>\n\t\t\t\t<div class=\"elementor-element elementor-element-a9f746b elementor-widget elementor-widget-image\" data-id=\"a9f746b\" data-element_type=\"widget\" data-e-type=\"widget\" data-widget_type=\"image.default\">\n\t\t\t\t<div class=\"elementor-widget-container\">\n\t\t\t\t\t\t\t\t\t\t\t\t\t\t\t<img decoding=\"async\" width=\"800\" height=\"600\" src=\"https:\/\/sushikings.it\/wp-content\/uploads\/2022\/08\/unnamed-2-1024x768.jpg\" class=\"attachment-large size-large wp-image-1248\" alt=\"\" srcset=\"https:\/\/sushikings.it\/wp-content\/uploads\/2022\/08\/unnamed-2-1024x768.jpg 1024w, https:\/\/sushikings.it\/wp-content\/uploads\/2022\/08\/unnamed-2-300x225.jpg 300w, https:\/\/sushikings.it\/wp-content\/uploads\/2022\/08\/unnamed-2-768x576.jpg 768w, https:\/\/sushikings.it\/wp-content\/uploads\/2022\/08\/unnamed-2-1536x1152.jpg 1536w, https:\/\/sushikings.it\/wp-content\/uploads\/2022\/08\/unnamed-2-2048x1536.jpg 2048w\" sizes=\"(max-width: 800px) 100vw, 800px\" \/>\t\t\t\t\t\t\t\t\t\t\t\t\t\t\t<\/div>\n\t\t\t\t<\/div>\n\t\t\t\t\t<\/div>\n\t\t<\/div>\n\t\t\t\t<div class=\"elementor-column elementor-col-50 elementor-top-column elementor-element elementor-element-b7ead1c\" data-id=\"b7ead1c\" data-element_type=\"column\" data-e-type=\"column\">\n\t\t\t<div class=\"elementor-widget-wrap elementor-element-populated\">\n\t\t\t\t\t\t<div class=\"elementor-element elementor-element-d8d3887 elementor-widget elementor-widget-image\" data-id=\"d8d3887\" data-element_type=\"widget\" data-e-type=\"widget\" data-widget_type=\"image.default\">\n\t\t\t\t<div class=\"elementor-widget-container\">\n\t\t\t\t\t\t\t\t\t\t\t\t\t\t\t<img decoding=\"async\" width=\"768\" height=\"1024\" src=\"https:\/\/sushikings.it\/wp-content\/uploads\/2022\/08\/unnamed-768x1024.jpg\" class=\"attachment-large size-large wp-image-1246\" alt=\"\" srcset=\"https:\/\/sushikings.it\/wp-content\/uploads\/2022\/08\/unnamed-768x1024.jpg 768w, https:\/\/sushikings.it\/wp-content\/uploads\/2022\/08\/unnamed-225x300.jpg 225w, https:\/\/sushikings.it\/wp-content\/uploads\/2022\/08\/unnamed-1152x1536.jpg 1152w, https:\/\/sushikings.it\/wp-content\/uploads\/2022\/08\/unnamed-1536x2048.jpg 1536w, https:\/\/sushikings.it\/wp-content\/uploads\/2022\/08\/unnamed-scaled.jpg 1920w\" sizes=\"(max-width: 768px) 100vw, 768px\" \/>\t\t\t\t\t\t\t\t\t\t\t\t\t\t\t<\/div>\n\t\t\t\t<\/div>\n\t\t\t\t\t<\/div>\n\t\t<\/div>\n\t\t\t\t\t<\/div>\n\t\t<\/section>\n\t\t\t\t<\/div>\n\t\t","protected":false},"excerpt":{"rendered":"<p>\u00a0 SUSHI KING&#8217;S VERONA Via Col.Giovanni Fincato 154 Tel : 3882530290 Email: sushikings003@gmail.com Men\u00f9 pranzo Men\u00f9 pranzo festivo Men\u00f9 cena La nostra location<\/p>\n","protected":false},"author":1,"featured_media":0,"parent":0,"menu_order":0,"comment_status":"closed","ping_status":"closed","template":"","meta":{"footnotes":""},"class_list":["post-1259","page","type-page","status-publish"],"yoast_head":"<!-- This site is optimized with the Yoast SEO plugin v27.5 - https:\/\/yoast.com\/product\/yoast-seo-wordpress\/ -->\n<title>Verona - Sushi King&#039;s<\/title>\n<meta name=\"robots\" content=\"index, follow, max-snippet:-1, max-image-preview:large, max-video-preview:-1\" \/>\n<link rel=\"canonical\" href=\"https:\/\/sushikings.it\/?page_id=1259\" \/>\n<meta property=\"og:locale\" content=\"en_US\" \/>\n<meta property=\"og:type\" content=\"article\" \/>\n<meta property=\"og:title\" content=\"Verona - Sushi King&#039;s\" \/>\n<meta property=\"og:description\" content=\"\u00a0 SUSHI KING&#8217;S VERONA Via Col.Giovanni Fincato 154 Tel : 3882530290 Email: sushikings003@gmail.com Men\u00f9 pranzo Men\u00f9 pranzo festivo Men\u00f9 cena La nostra location\" \/>\n<meta property=\"og:url\" content=\"https:\/\/sushikings.it\/?page_id=1259\" \/>\n<meta property=\"og:site_name\" content=\"Sushi King&#039;s\" \/>\n<meta property=\"article:modified_time\" content=\"2024-12-12T18:53:23+00:00\" \/>\n<meta property=\"og:image\" content=\"https:\/\/sushikings.it\/wp-content\/uploads\/2022\/08\/image_6487327-1-scaled.jpg\" \/>\n\t<meta property=\"og:image:width\" content=\"2560\" \/>\n\t<meta property=\"og:image:height\" content=\"1707\" \/>\n\t<meta property=\"og:image:type\" content=\"image\/jpeg\" \/>\n<meta name=\"twitter:card\" content=\"summary_large_image\" \/>\n<meta name=\"twitter:label1\" content=\"Est. reading time\" \/>\n\t<meta name=\"twitter:data1\" content=\"1 minute\" \/>\n<script type=\"application\/ld+json\" class=\"yoast-schema-graph\">{\"@context\":\"https:\\\/\\\/schema.org\",\"@graph\":[{\"@type\":\"WebPage\",\"@id\":\"https:\\\/\\\/sushikings.it\\\/?page_id=1259\",\"url\":\"https:\\\/\\\/sushikings.it\\\/?page_id=1259\",\"name\":\"Verona - Sushi King&#039;s\",\"isPartOf\":{\"@id\":\"https:\\\/\\\/sushikings.it\\\/#website\"},\"primaryImageOfPage\":{\"@id\":\"https:\\\/\\\/sushikings.it\\\/?page_id=1259#primaryimage\"},\"image\":{\"@id\":\"https:\\\/\\\/sushikings.it\\\/?page_id=1259#primaryimage\"},\"thumbnailUrl\":\"https:\\\/\\\/sushikings.it\\\/wp-content\\\/uploads\\\/2022\\\/08\\\/image_6487327-1-1024x683.jpg\",\"datePublished\":\"2022-08-30T15:09:49+00:00\",\"dateModified\":\"2024-12-12T18:53:23+00:00\",\"breadcrumb\":{\"@id\":\"https:\\\/\\\/sushikings.it\\\/?page_id=1259#breadcrumb\"},\"inLanguage\":\"en-US\",\"potentialAction\":[{\"@type\":\"ReadAction\",\"target\":[\"https:\\\/\\\/sushikings.it\\\/?page_id=1259\"]}]},{\"@type\":\"ImageObject\",\"inLanguage\":\"en-US\",\"@id\":\"https:\\\/\\\/sushikings.it\\\/?page_id=1259#primaryimage\",\"url\":\"https:\\\/\\\/sushikings.it\\\/wp-content\\\/uploads\\\/2022\\\/08\\\/image_6487327-1-scaled.jpg\",\"contentUrl\":\"https:\\\/\\\/sushikings.it\\\/wp-content\\\/uploads\\\/2022\\\/08\\\/image_6487327-1-scaled.jpg\",\"width\":2560,\"height\":1707},{\"@type\":\"BreadcrumbList\",\"@id\":\"https:\\\/\\\/sushikings.it\\\/?page_id=1259#breadcrumb\",\"itemListElement\":[{\"@type\":\"ListItem\",\"position\":1,\"name\":\"Home\",\"item\":\"https:\\\/\\\/sushikings.it\\\/\"},{\"@type\":\"ListItem\",\"position\":2,\"name\":\"Verona\"}]},{\"@type\":\"WebSite\",\"@id\":\"https:\\\/\\\/sushikings.it\\\/#website\",\"url\":\"https:\\\/\\\/sushikings.it\\\/\",\"name\":\"Sushi King&#039;s\",\"description\":\"Sushi King&#039;s\",\"potentialAction\":[{\"@type\":\"SearchAction\",\"target\":{\"@type\":\"EntryPoint\",\"urlTemplate\":\"https:\\\/\\\/sushikings.it\\\/?s={search_term_string}\"},\"query-input\":{\"@type\":\"PropertyValueSpecification\",\"valueRequired\":true,\"valueName\":\"search_term_string\"}}],\"inLanguage\":\"en-US\"}]}<\/script>\n<!-- \/ Yoast SEO plugin. -->","yoast_head_json":{"title":"Verona - Sushi King&#039;s","robots":{"index":"index","follow":"follow","max-snippet":"max-snippet:-1","max-image-preview":"max-image-preview:large","max-video-preview":"max-video-preview:-1"},"canonical":"https:\/\/sushikings.it\/?page_id=1259","og_locale":"en_US","og_type":"article","og_title":"Verona - Sushi King&#039;s","og_description":"\u00a0 SUSHI KING&#8217;S VERONA Via Col.Giovanni Fincato 154 Tel : 3882530290 Email: sushikings003@gmail.com Men\u00f9 pranzo Men\u00f9 pranzo festivo Men\u00f9 cena La nostra location","og_url":"https:\/\/sushikings.it\/?page_id=1259","og_site_name":"Sushi King&#039;s","article_modified_time":"2024-12-12T18:53:23+00:00","og_image":[{"width":2560,"height":1707,"url":"https:\/\/sushikings.it\/wp-content\/uploads\/2022\/08\/image_6487327-1-scaled.jpg","type":"image\/jpeg"}],"twitter_card":"summary_large_image","twitter_misc":{"Est. reading time":"1 minute"},"schema":{"@context":"https:\/\/schema.org","@graph":[{"@type":"WebPage","@id":"https:\/\/sushikings.it\/?page_id=1259","url":"https:\/\/sushikings.it\/?page_id=1259","name":"Verona - Sushi King&#039;s","isPartOf":{"@id":"https:\/\/sushikings.it\/#website"},"primaryImageOfPage":{"@id":"https:\/\/sushikings.it\/?page_id=1259#primaryimage"},"image":{"@id":"https:\/\/sushikings.it\/?page_id=1259#primaryimage"},"thumbnailUrl":"https:\/\/sushikings.it\/wp-content\/uploads\/2022\/08\/image_6487327-1-1024x683.jpg","datePublished":"2022-08-30T15:09:49+00:00","dateModified":"2024-12-12T18:53:23+00:00","breadcrumb":{"@id":"https:\/\/sushikings.it\/?page_id=1259#breadcrumb"},"inLanguage":"en-US","potentialAction":[{"@type":"ReadAction","target":["https:\/\/sushikings.it\/?page_id=1259"]}]},{"@type":"ImageObject","inLanguage":"en-US","@id":"https:\/\/sushikings.it\/?page_id=1259#primaryimage","url":"https:\/\/sushikings.it\/wp-content\/uploads\/2022\/08\/image_6487327-1-scaled.jpg","contentUrl":"https:\/\/sushikings.it\/wp-content\/uploads\/2022\/08\/image_6487327-1-scaled.jpg","width":2560,"height":1707},{"@type":"BreadcrumbList","@id":"https:\/\/sushikings.it\/?page_id=1259#breadcrumb","itemListElement":[{"@type":"ListItem","position":1,"name":"Home","item":"https:\/\/sushikings.it\/"},{"@type":"ListItem","position":2,"name":"Verona"}]},{"@type":"WebSite","@id":"https:\/\/sushikings.it\/#website","url":"https:\/\/sushikings.it\/","name":"Sushi King&#039;s","description":"Sushi King&#039;s","potentialAction":[{"@type":"SearchAction","target":{"@type":"EntryPoint","urlTemplate":"https:\/\/sushikings.it\/?s={search_term_string}"},"query-input":{"@type":"PropertyValueSpecification","valueRequired":true,"valueName":"search_term_string"}}],"inLanguage":"en-US"}]}},"_links":{"self":[{"href":"https:\/\/sushikings.it\/index.php?rest_route=\/wp\/v2\/pages\/1259","targetHints":{"allow":["GET"]}}],"collection":[{"href":"https:\/\/sushikings.it\/index.php?rest_route=\/wp\/v2\/pages"}],"about":[{"href":"https:\/\/sushikings.it\/index.php?rest_route=\/wp\/v2\/types\/page"}],"author":[{"embeddable":true,"href":"https:\/\/sushikings.it\/index.php?rest_route=\/wp\/v2\/users\/1"}],"replies":[{"embeddable":true,"href":"https:\/\/sushikings.it\/index.php?rest_route=%2Fwp%2Fv2%2Fcomments&post=1259"}],"version-history":[{"count":31,"href":"https:\/\/sushikings.it\/index.php?rest_route=\/wp\/v2\/pages\/1259\/revisions"}],"predecessor-version":[{"id":1380,"href":"https:\/\/sushikings.it\/index.php?rest_route=\/wp\/v2\/pages\/1259\/revisions\/1380"}],"wp:attachment":[{"href":"https:\/\/sushikings.it\/index.php?rest_route=%2Fwp%2Fv2%2Fmedia&parent=1259"}],"curies":[{"name":"wp","href":"https:\/\/api.w.org\/{rel}","templated":true}]}}