{"id":683,"date":"2022-03-07T16:05:00","date_gmt":"2022-03-07T16:05:00","guid":{"rendered":"https:\/\/sushikings.it\/?page_id=683"},"modified":"2024-12-13T21:22:48","modified_gmt":"2024-12-13T21:22:48","slug":"rosa","status":"publish","type":"page","link":"https:\/\/sushikings.it\/?page_id=683","title":{"rendered":"Rosa"},"content":{"rendered":"\t\t<div data-elementor-type=\"wp-page\" data-elementor-id=\"683\" class=\"elementor elementor-683\">\n\t\t\t\t\t\t<section class=\"elementor-section elementor-top-section elementor-element elementor-element-86f0cff elementor-section-full_width elementor-section-stretched elementor-section-height-default elementor-section-height-default\" data-id=\"86f0cff\" data-element_type=\"section\" data-e-type=\"section\" data-settings=\"{&quot;stretch_section&quot;:&quot;section-stretched&quot;,&quot;background_background&quot;:&quot;classic&quot;}\">\n\t\t\t\t\t\t\t<div class=\"elementor-background-overlay\"><\/div>\n\t\t\t\t\t\t\t<div class=\"elementor-container elementor-column-gap-default\">\n\t\t\t\t\t<div class=\"elementor-column elementor-col-50 elementor-top-column elementor-element elementor-element-75f056d\" data-id=\"75f056d\" data-element_type=\"column\" data-e-type=\"column\">\n\t\t\t<div class=\"elementor-widget-wrap elementor-element-populated\">\n\t\t\t\t\t\t<div class=\"elementor-element elementor-element-6111a01 elementor-widget elementor-widget-text-editor\" data-id=\"6111a01\" data-element_type=\"widget\" data-e-type=\"widget\" data-widget_type=\"text-editor.default\">\n\t\t\t\t<div class=\"elementor-widget-container\">\n\t\t\t\t\t\t\t\t\t<h2>\u00a0<\/h2><h2 style=\"text-align: center;\">SUSHI KING&#8217;S ROS\u00e0<\/h2><p style=\"text-align: center;\"><span style=\"color: #ffffff;\">Via Capitano Alessio, 94<\/span><\/p><p style=\"text-align: center;\"><span style=\"color: #ffffff;\">Tel :\u00a0<a style=\"color: #ffffff;\" href=\"tel:0424580227\">0424580227<\/a><\/span><\/p><p style=\"text-align: center;\"><span style=\"color: #ffffff;\">Email:\u00a0<a style=\"color: #ffffff;\" href=\"mailto:sushikings002@gmail.com\">sushikings002@gmail.com<\/a><\/span><\/p><p>\u00a0<\/p>\t\t\t\t\t\t\t\t<\/div>\n\t\t\t\t<\/div>\n\t\t\t\t\t<\/div>\n\t\t<\/div>\n\t\t\t\t<div class=\"elementor-column elementor-col-50 elementor-top-column elementor-element elementor-element-9027d6c\" data-id=\"9027d6c\" data-element_type=\"column\" data-e-type=\"column\" id=\"menn\">\n\t\t\t<div class=\"elementor-widget-wrap elementor-element-populated\">\n\t\t\t\t\t\t<div class=\"elementor-element elementor-element-4c75382 elementor-widget elementor-widget-spacer\" data-id=\"4c75382\" data-element_type=\"widget\" data-e-type=\"widget\" data-widget_type=\"spacer.default\">\n\t\t\t\t<div class=\"elementor-widget-container\">\n\t\t\t\t\t\t\t<div class=\"elementor-spacer\">\n\t\t\t<div class=\"elementor-spacer-inner\"><\/div>\n\t\t<\/div>\n\t\t\t\t\t\t<\/div>\n\t\t\t\t<\/div>\n\t\t\t\t<div class=\"elementor-element elementor-element-3e58e73 elementor-widget elementor-widget-heading\" data-id=\"3e58e73\" data-element_type=\"widget\" data-e-type=\"widget\" data-widget_type=\"heading.default\">\n\t\t\t\t<div class=\"elementor-widget-container\">\n\t\t\t\t\t<h2 class=\"elementor-heading-title elementor-size-default\"><a href=\"https:\/\/sushikings.it\/wp-content\/uploads\/2024\/12\/kins-pranzo2-nuova.pdf\">men\u00f9 pranzo<\/a><\/h2>\t\t\t\t<\/div>\n\t\t\t\t<\/div>\n\t\t\t\t<div class=\"elementor-element elementor-element-8b1c790 elementor-widget elementor-widget-heading\" data-id=\"8b1c790\" data-element_type=\"widget\" data-e-type=\"widget\" data-widget_type=\"heading.default\">\n\t\t\t\t<div class=\"elementor-widget-container\">\n\t\t\t\t\t<h2 class=\"elementor-heading-title elementor-size-default\"><a href=\"https:\/\/sushikings.it\/wp-content\/uploads\/2024\/12\/kins-festivi-2nuova.pdf\">men\u00f9 pranzo festivo<\/a><\/h2>\t\t\t\t<\/div>\n\t\t\t\t<\/div>\n\t\t\t\t<div class=\"elementor-element elementor-element-c6d448f elementor-widget elementor-widget-heading\" data-id=\"c6d448f\" data-element_type=\"widget\" data-e-type=\"widget\" data-widget_type=\"heading.default\">\n\t\t\t\t<div class=\"elementor-widget-container\">\n\t\t\t\t\t<h2 class=\"elementor-heading-title elementor-size-default\"><a href=\"https:\/\/sushikings.it\/wp-content\/uploads\/2024\/12\/kins-cena-2-nuova.pdf\">men\u00f9 cena<\/a><\/h2>\t\t\t\t<\/div>\n\t\t\t\t<\/div>\n\t\t\t\t<div class=\"elementor-element elementor-element-7d61412 elementor-widget elementor-widget-spacer\" data-id=\"7d61412\" data-element_type=\"widget\" data-e-type=\"widget\" data-widget_type=\"spacer.default\">\n\t\t\t\t<div class=\"elementor-widget-container\">\n\t\t\t\t\t\t\t<div class=\"elementor-spacer\">\n\t\t\t<div class=\"elementor-spacer-inner\"><\/div>\n\t\t<\/div>\n\t\t\t\t\t\t<\/div>\n\t\t\t\t<\/div>\n\t\t\t\t\t<\/div>\n\t\t<\/div>\n\t\t\t\t\t<\/div>\n\t\t<\/section>\n\t\t\t\t<section class=\"elementor-section elementor-top-section elementor-element elementor-element-ccdab2f elementor-section-boxed elementor-section-height-default elementor-section-height-default\" data-id=\"ccdab2f\" data-element_type=\"section\" data-e-type=\"section\">\n\t\t\t\t\t\t<div class=\"elementor-container elementor-column-gap-default\">\n\t\t\t\t\t<div class=\"elementor-column elementor-col-100 elementor-top-column elementor-element elementor-element-e2446dc\" data-id=\"e2446dc\" data-element_type=\"column\" data-e-type=\"column\">\n\t\t\t<div class=\"elementor-widget-wrap elementor-element-populated\">\n\t\t\t\t\t\t<div class=\"elementor-element elementor-element-ceb8326 elementor-widget elementor-widget-spacer\" data-id=\"ceb8326\" data-element_type=\"widget\" data-e-type=\"widget\" data-widget_type=\"spacer.default\">\n\t\t\t\t<div class=\"elementor-widget-container\">\n\t\t\t\t\t\t\t<div class=\"elementor-spacer\">\n\t\t\t<div class=\"elementor-spacer-inner\"><\/div>\n\t\t<\/div>\n\t\t\t\t\t\t<\/div>\n\t\t\t\t<\/div>\n\t\t\t\t\t<\/div>\n\t\t<\/div>\n\t\t\t\t\t<\/div>\n\t\t<\/section>\n\t\t\t\t<section class=\"elementor-section elementor-top-section elementor-element elementor-element-720c08d elementor-section-stretched elementor-section-boxed elementor-section-height-default elementor-section-height-default\" data-id=\"720c08d\" data-element_type=\"section\" data-e-type=\"section\" data-settings=\"{&quot;stretch_section&quot;:&quot;section-stretched&quot;}\">\n\t\t\t\t\t\t<div class=\"elementor-container elementor-column-gap-default\">\n\t\t\t\t\t<div class=\"elementor-column elementor-col-100 elementor-top-column elementor-element elementor-element-435c63f\" data-id=\"435c63f\" data-element_type=\"column\" data-e-type=\"column\">\n\t\t\t<div class=\"elementor-widget-wrap elementor-element-populated\">\n\t\t\t\t\t\t<div class=\"elementor-element elementor-element-6680d2d elementor-widget elementor-widget-heading\" data-id=\"6680d2d\" data-element_type=\"widget\" data-e-type=\"widget\" data-widget_type=\"heading.default\">\n\t\t\t\t<div class=\"elementor-widget-container\">\n\t\t\t\t\t<h2 class=\"elementor-heading-title elementor-size-default\">La nostra location<\/h2>\t\t\t\t<\/div>\n\t\t\t\t<\/div>\n\t\t\t\t\t<\/div>\n\t\t<\/div>\n\t\t\t\t\t<\/div>\n\t\t<\/section>\n\t\t\t\t<section class=\"elementor-section elementor-top-section elementor-element elementor-element-c7545dc elementor-section-boxed elementor-section-height-default elementor-section-height-default\" data-id=\"c7545dc\" data-element_type=\"section\" data-e-type=\"section\">\n\t\t\t\t\t\t<div class=\"elementor-container elementor-column-gap-default\">\n\t\t\t\t\t<div class=\"elementor-column elementor-col-100 elementor-top-column elementor-element elementor-element-a184c30\" data-id=\"a184c30\" data-element_type=\"column\" data-e-type=\"column\">\n\t\t\t<div class=\"elementor-widget-wrap elementor-element-populated\">\n\t\t\t\t\t\t<div class=\"elementor-element elementor-element-51861b1 elementor-widget elementor-widget-spacer\" data-id=\"51861b1\" data-element_type=\"widget\" data-e-type=\"widget\" data-widget_type=\"spacer.default\">\n\t\t\t\t<div class=\"elementor-widget-container\">\n\t\t\t\t\t\t\t<div class=\"elementor-spacer\">\n\t\t\t<div class=\"elementor-spacer-inner\"><\/div>\n\t\t<\/div>\n\t\t\t\t\t\t<\/div>\n\t\t\t\t<\/div>\n\t\t\t\t\t<\/div>\n\t\t<\/div>\n\t\t\t\t\t<\/div>\n\t\t<\/section>\n\t\t\t\t<section class=\"elementor-section elementor-top-section elementor-element elementor-element-547b4bd elementor-section-stretched elementor-section-boxed elementor-section-height-default elementor-section-height-default\" data-id=\"547b4bd\" data-element_type=\"section\" data-e-type=\"section\" data-settings=\"{&quot;stretch_section&quot;:&quot;section-stretched&quot;}\">\n\t\t\t\t\t\t<div class=\"elementor-container elementor-column-gap-default\">\n\t\t\t\t\t<div class=\"elementor-column elementor-col-50 elementor-top-column elementor-element elementor-element-00257a6\" data-id=\"00257a6\" data-element_type=\"column\" data-e-type=\"column\">\n\t\t\t<div class=\"elementor-widget-wrap elementor-element-populated\">\n\t\t\t\t\t\t<div class=\"elementor-element elementor-element-426654b elementor-widget elementor-widget-image\" data-id=\"426654b\" data-element_type=\"widget\" data-e-type=\"widget\" data-widget_type=\"image.default\">\n\t\t\t\t<div class=\"elementor-widget-container\">\n\t\t\t\t\t\t\t\t\t\t\t\t\t\t\t<img fetchpriority=\"high\" decoding=\"async\" width=\"800\" height=\"450\" src=\"https:\/\/sushikings.it\/wp-content\/uploads\/2022\/05\/image_6483441-1-1024x576.jpg\" class=\"attachment-large size-large wp-image-1199\" alt=\"\" srcset=\"https:\/\/sushikings.it\/wp-content\/uploads\/2022\/05\/image_6483441-1-1024x576.jpg 1024w, https:\/\/sushikings.it\/wp-content\/uploads\/2022\/05\/image_6483441-1-300x169.jpg 300w, https:\/\/sushikings.it\/wp-content\/uploads\/2022\/05\/image_6483441-1-768x432.jpg 768w, https:\/\/sushikings.it\/wp-content\/uploads\/2022\/05\/image_6483441-1-1536x863.jpg 1536w, https:\/\/sushikings.it\/wp-content\/uploads\/2022\/05\/image_6483441-1.jpg 1852w\" sizes=\"(max-width: 800px) 100vw, 800px\" \/>\t\t\t\t\t\t\t\t\t\t\t\t\t\t\t<\/div>\n\t\t\t\t<\/div>\n\t\t\t\t\t<\/div>\n\t\t<\/div>\n\t\t\t\t<div class=\"elementor-column elementor-col-50 elementor-top-column elementor-element elementor-element-b7ead1c\" data-id=\"b7ead1c\" data-element_type=\"column\" data-e-type=\"column\">\n\t\t\t<div class=\"elementor-widget-wrap elementor-element-populated\">\n\t\t\t\t\t\t<div class=\"elementor-element elementor-element-d8d3887 elementor-widget elementor-widget-image\" data-id=\"d8d3887\" data-element_type=\"widget\" data-e-type=\"widget\" data-widget_type=\"image.default\">\n\t\t\t\t<div class=\"elementor-widget-container\">\n\t\t\t\t\t\t\t\t\t\t\t\t\t\t\t<img decoding=\"async\" width=\"800\" height=\"600\" src=\"https:\/\/sushikings.it\/wp-content\/uploads\/2022\/05\/image_6483441-1024x768.jpg\" class=\"attachment-large size-large wp-image-1198\" alt=\"\" srcset=\"https:\/\/sushikings.it\/wp-content\/uploads\/2022\/05\/image_6483441-1024x768.jpg 1024w, https:\/\/sushikings.it\/wp-content\/uploads\/2022\/05\/image_6483441-300x225.jpg 300w, https:\/\/sushikings.it\/wp-content\/uploads\/2022\/05\/image_6483441-768x576.jpg 768w, https:\/\/sushikings.it\/wp-content\/uploads\/2022\/05\/image_6483441-1536x1152.jpg 1536w, https:\/\/sushikings.it\/wp-content\/uploads\/2022\/05\/image_6483441.jpg 1702w\" sizes=\"(max-width: 800px) 100vw, 800px\" \/>\t\t\t\t\t\t\t\t\t\t\t\t\t\t\t<\/div>\n\t\t\t\t<\/div>\n\t\t\t\t\t<\/div>\n\t\t<\/div>\n\t\t\t\t\t<\/div>\n\t\t<\/section>\n\t\t\t\t<section class=\"elementor-section elementor-top-section elementor-element elementor-element-8035b17 elementor-section-stretched elementor-section-boxed elementor-section-height-default elementor-section-height-default\" data-id=\"8035b17\" data-element_type=\"section\" data-e-type=\"section\" data-settings=\"{&quot;stretch_section&quot;:&quot;section-stretched&quot;}\">\n\t\t\t\t\t\t<div class=\"elementor-container elementor-column-gap-default\">\n\t\t\t\t\t<div class=\"elementor-column elementor-col-50 elementor-top-column elementor-element elementor-element-080e3e1\" data-id=\"080e3e1\" data-element_type=\"column\" data-e-type=\"column\">\n\t\t\t<div class=\"elementor-widget-wrap elementor-element-populated\">\n\t\t\t\t\t\t<div class=\"elementor-element elementor-element-5b94151 elementor-widget elementor-widget-image\" data-id=\"5b94151\" data-element_type=\"widget\" data-e-type=\"widget\" data-widget_type=\"image.default\">\n\t\t\t\t<div class=\"elementor-widget-container\">\n\t\t\t\t\t\t\t\t\t\t\t\t\t\t\t<img decoding=\"async\" width=\"800\" height=\"600\" src=\"https:\/\/sushikings.it\/wp-content\/uploads\/2022\/05\/image_6487327-1-1024x768.jpg\" class=\"attachment-large size-large wp-image-1201\" alt=\"\" srcset=\"https:\/\/sushikings.it\/wp-content\/uploads\/2022\/05\/image_6487327-1-1024x768.jpg 1024w, https:\/\/sushikings.it\/wp-content\/uploads\/2022\/05\/image_6487327-1-300x225.jpg 300w, https:\/\/sushikings.it\/wp-content\/uploads\/2022\/05\/image_6487327-1-768x576.jpg 768w, https:\/\/sushikings.it\/wp-content\/uploads\/2022\/05\/image_6487327-1-1536x1152.jpg 1536w, https:\/\/sushikings.it\/wp-content\/uploads\/2022\/05\/image_6487327-1-2048x1536.jpg 2048w\" sizes=\"(max-width: 800px) 100vw, 800px\" \/>\t\t\t\t\t\t\t\t\t\t\t\t\t\t\t<\/div>\n\t\t\t\t<\/div>\n\t\t\t\t\t<\/div>\n\t\t<\/div>\n\t\t\t\t<div class=\"elementor-column elementor-col-50 elementor-top-column elementor-element elementor-element-0dceb10\" data-id=\"0dceb10\" data-element_type=\"column\" data-e-type=\"column\">\n\t\t\t<div class=\"elementor-widget-wrap elementor-element-populated\">\n\t\t\t\t\t\t<div class=\"elementor-element elementor-element-9075915 elementor-widget elementor-widget-image\" data-id=\"9075915\" data-element_type=\"widget\" data-e-type=\"widget\" data-widget_type=\"image.default\">\n\t\t\t\t<div class=\"elementor-widget-container\">\n\t\t\t\t\t\t\t\t\t\t\t\t\t\t\t<img loading=\"lazy\" decoding=\"async\" width=\"800\" height=\"600\" src=\"https:\/\/sushikings.it\/wp-content\/uploads\/2022\/05\/image_6487327-1024x768.jpg\" class=\"attachment-large size-large wp-image-1200\" alt=\"\" srcset=\"https:\/\/sushikings.it\/wp-content\/uploads\/2022\/05\/image_6487327-1024x768.jpg 1024w, https:\/\/sushikings.it\/wp-content\/uploads\/2022\/05\/image_6487327-300x225.jpg 300w, https:\/\/sushikings.it\/wp-content\/uploads\/2022\/05\/image_6487327-768x576.jpg 768w, https:\/\/sushikings.it\/wp-content\/uploads\/2022\/05\/image_6487327-1536x1152.jpg 1536w, https:\/\/sushikings.it\/wp-content\/uploads\/2022\/05\/image_6487327-2048x1536.jpg 2048w\" sizes=\"(max-width: 800px) 100vw, 800px\" \/>\t\t\t\t\t\t\t\t\t\t\t\t\t\t\t<\/div>\n\t\t\t\t<\/div>\n\t\t\t\t\t<\/div>\n\t\t<\/div>\n\t\t\t\t\t<\/div>\n\t\t<\/section>\n\t\t\t\t<\/div>\n\t\t","protected":false},"excerpt":{"rendered":"<p>\u00a0 SUSHI KING&#8217;S ROS\u00e0 Via Capitano Alessio, 94 Tel :\u00a00424580227 Email:\u00a0sushikings002@gmail.com \u00a0 men\u00f9 pranzo men\u00f9 pranzo festivo men\u00f9 cena La nostra location<\/p>\n","protected":false},"author":1,"featured_media":0,"parent":0,"menu_order":0,"comment_status":"closed","ping_status":"closed","template":"","meta":{"footnotes":""},"class_list":["post-683","page","type-page","status-publish"],"yoast_head":"<!-- This site is optimized with the Yoast SEO plugin v27.5 - https:\/\/yoast.com\/product\/yoast-seo-wordpress\/ -->\n<title>Rosa - Sushi King&#039;s<\/title>\n<meta name=\"robots\" content=\"index, follow, max-snippet:-1, max-image-preview:large, max-video-preview:-1\" \/>\n<link rel=\"canonical\" href=\"https:\/\/sushikings.it\/?page_id=683\" \/>\n<meta property=\"og:locale\" content=\"en_US\" \/>\n<meta property=\"og:type\" content=\"article\" \/>\n<meta property=\"og:title\" content=\"Rosa - Sushi King&#039;s\" \/>\n<meta property=\"og:description\" content=\"\u00a0 SUSHI KING&#8217;S ROS\u00e0 Via Capitano Alessio, 94 Tel :\u00a00424580227 Email:\u00a0sushikings002@gmail.com \u00a0 men\u00f9 pranzo men\u00f9 pranzo festivo men\u00f9 cena La nostra location\" \/>\n<meta property=\"og:url\" content=\"https:\/\/sushikings.it\/?page_id=683\" \/>\n<meta property=\"og:site_name\" content=\"Sushi King&#039;s\" \/>\n<meta property=\"article:modified_time\" content=\"2024-12-13T21:22:48+00:00\" \/>\n<meta property=\"og:image\" content=\"https:\/\/sushikings.it\/wp-content\/uploads\/2022\/05\/image_6483441-1.jpg\" \/>\n\t<meta property=\"og:image:width\" content=\"1852\" \/>\n\t<meta property=\"og:image:height\" content=\"1041\" \/>\n\t<meta property=\"og:image:type\" content=\"image\/jpeg\" \/>\n<meta name=\"twitter:card\" content=\"summary_large_image\" \/>\n<meta name=\"twitter:label1\" content=\"Est. reading time\" \/>\n\t<meta name=\"twitter:data1\" content=\"1 minute\" \/>\n<script type=\"application\/ld+json\" class=\"yoast-schema-graph\">{\"@context\":\"https:\\\/\\\/schema.org\",\"@graph\":[{\"@type\":\"WebPage\",\"@id\":\"https:\\\/\\\/sushikings.it\\\/?page_id=683\",\"url\":\"https:\\\/\\\/sushikings.it\\\/?page_id=683\",\"name\":\"Rosa - Sushi King&#039;s\",\"isPartOf\":{\"@id\":\"https:\\\/\\\/sushikings.it\\\/#website\"},\"primaryImageOfPage\":{\"@id\":\"https:\\\/\\\/sushikings.it\\\/?page_id=683#primaryimage\"},\"image\":{\"@id\":\"https:\\\/\\\/sushikings.it\\\/?page_id=683#primaryimage\"},\"thumbnailUrl\":\"https:\\\/\\\/sushikings.it\\\/wp-content\\\/uploads\\\/2022\\\/05\\\/image_6483441-1-1024x576.jpg\",\"datePublished\":\"2022-03-07T16:05:00+00:00\",\"dateModified\":\"2024-12-13T21:22:48+00:00\",\"breadcrumb\":{\"@id\":\"https:\\\/\\\/sushikings.it\\\/?page_id=683#breadcrumb\"},\"inLanguage\":\"en-US\",\"potentialAction\":[{\"@type\":\"ReadAction\",\"target\":[\"https:\\\/\\\/sushikings.it\\\/?page_id=683\"]}]},{\"@type\":\"ImageObject\",\"inLanguage\":\"en-US\",\"@id\":\"https:\\\/\\\/sushikings.it\\\/?page_id=683#primaryimage\",\"url\":\"https:\\\/\\\/sushikings.it\\\/wp-content\\\/uploads\\\/2022\\\/05\\\/image_6483441-1.jpg\",\"contentUrl\":\"https:\\\/\\\/sushikings.it\\\/wp-content\\\/uploads\\\/2022\\\/05\\\/image_6483441-1.jpg\",\"width\":1852,\"height\":1041},{\"@type\":\"BreadcrumbList\",\"@id\":\"https:\\\/\\\/sushikings.it\\\/?page_id=683#breadcrumb\",\"itemListElement\":[{\"@type\":\"ListItem\",\"position\":1,\"name\":\"Home\",\"item\":\"https:\\\/\\\/sushikings.it\\\/\"},{\"@type\":\"ListItem\",\"position\":2,\"name\":\"Rosa\"}]},{\"@type\":\"WebSite\",\"@id\":\"https:\\\/\\\/sushikings.it\\\/#website\",\"url\":\"https:\\\/\\\/sushikings.it\\\/\",\"name\":\"Sushi King&#039;s\",\"description\":\"Sushi King&#039;s\",\"potentialAction\":[{\"@type\":\"SearchAction\",\"target\":{\"@type\":\"EntryPoint\",\"urlTemplate\":\"https:\\\/\\\/sushikings.it\\\/?s={search_term_string}\"},\"query-input\":{\"@type\":\"PropertyValueSpecification\",\"valueRequired\":true,\"valueName\":\"search_term_string\"}}],\"inLanguage\":\"en-US\"}]}<\/script>\n<!-- \/ Yoast SEO plugin. -->","yoast_head_json":{"title":"Rosa - Sushi King&#039;s","robots":{"index":"index","follow":"follow","max-snippet":"max-snippet:-1","max-image-preview":"max-image-preview:large","max-video-preview":"max-video-preview:-1"},"canonical":"https:\/\/sushikings.it\/?page_id=683","og_locale":"en_US","og_type":"article","og_title":"Rosa - Sushi King&#039;s","og_description":"\u00a0 SUSHI KING&#8217;S ROS\u00e0 Via Capitano Alessio, 94 Tel :\u00a00424580227 Email:\u00a0sushikings002@gmail.com \u00a0 men\u00f9 pranzo men\u00f9 pranzo festivo men\u00f9 cena La nostra location","og_url":"https:\/\/sushikings.it\/?page_id=683","og_site_name":"Sushi King&#039;s","article_modified_time":"2024-12-13T21:22:48+00:00","og_image":[{"width":1852,"height":1041,"url":"https:\/\/sushikings.it\/wp-content\/uploads\/2022\/05\/image_6483441-1.jpg","type":"image\/jpeg"}],"twitter_card":"summary_large_image","twitter_misc":{"Est. reading time":"1 minute"},"schema":{"@context":"https:\/\/schema.org","@graph":[{"@type":"WebPage","@id":"https:\/\/sushikings.it\/?page_id=683","url":"https:\/\/sushikings.it\/?page_id=683","name":"Rosa - Sushi King&#039;s","isPartOf":{"@id":"https:\/\/sushikings.it\/#website"},"primaryImageOfPage":{"@id":"https:\/\/sushikings.it\/?page_id=683#primaryimage"},"image":{"@id":"https:\/\/sushikings.it\/?page_id=683#primaryimage"},"thumbnailUrl":"https:\/\/sushikings.it\/wp-content\/uploads\/2022\/05\/image_6483441-1-1024x576.jpg","datePublished":"2022-03-07T16:05:00+00:00","dateModified":"2024-12-13T21:22:48+00:00","breadcrumb":{"@id":"https:\/\/sushikings.it\/?page_id=683#breadcrumb"},"inLanguage":"en-US","potentialAction":[{"@type":"ReadAction","target":["https:\/\/sushikings.it\/?page_id=683"]}]},{"@type":"ImageObject","inLanguage":"en-US","@id":"https:\/\/sushikings.it\/?page_id=683#primaryimage","url":"https:\/\/sushikings.it\/wp-content\/uploads\/2022\/05\/image_6483441-1.jpg","contentUrl":"https:\/\/sushikings.it\/wp-content\/uploads\/2022\/05\/image_6483441-1.jpg","width":1852,"height":1041},{"@type":"BreadcrumbList","@id":"https:\/\/sushikings.it\/?page_id=683#breadcrumb","itemListElement":[{"@type":"ListItem","position":1,"name":"Home","item":"https:\/\/sushikings.it\/"},{"@type":"ListItem","position":2,"name":"Rosa"}]},{"@type":"WebSite","@id":"https:\/\/sushikings.it\/#website","url":"https:\/\/sushikings.it\/","name":"Sushi King&#039;s","description":"Sushi King&#039;s","potentialAction":[{"@type":"SearchAction","target":{"@type":"EntryPoint","urlTemplate":"https:\/\/sushikings.it\/?s={search_term_string}"},"query-input":{"@type":"PropertyValueSpecification","valueRequired":true,"valueName":"search_term_string"}}],"inLanguage":"en-US"}]}},"_links":{"self":[{"href":"https:\/\/sushikings.it\/index.php?rest_route=\/wp\/v2\/pages\/683","targetHints":{"allow":["GET"]}}],"collection":[{"href":"https:\/\/sushikings.it\/index.php?rest_route=\/wp\/v2\/pages"}],"about":[{"href":"https:\/\/sushikings.it\/index.php?rest_route=\/wp\/v2\/types\/page"}],"author":[{"embeddable":true,"href":"https:\/\/sushikings.it\/index.php?rest_route=\/wp\/v2\/users\/1"}],"replies":[{"embeddable":true,"href":"https:\/\/sushikings.it\/index.php?rest_route=%2Fwp%2Fv2%2Fcomments&post=683"}],"version-history":[{"count":96,"href":"https:\/\/sushikings.it\/index.php?rest_route=\/wp\/v2\/pages\/683\/revisions"}],"predecessor-version":[{"id":1392,"href":"https:\/\/sushikings.it\/index.php?rest_route=\/wp\/v2\/pages\/683\/revisions\/1392"}],"wp:attachment":[{"href":"https:\/\/sushikings.it\/index.php?rest_route=%2Fwp%2Fv2%2Fmedia&parent=683"}],"curies":[{"name":"wp","href":"https:\/\/api.w.org\/{rel}","templated":true}]}}