{"id":717,"date":"2022-03-07T16:31:22","date_gmt":"2022-03-07T16:31:22","guid":{"rendered":"https:\/\/sushikings.it\/?page_id=717"},"modified":"2022-03-11T11:19:58","modified_gmt":"2022-03-11T11:19:58","slug":"menu","status":"publish","type":"page","link":"https:\/\/sushikings.it\/?page_id=717","title":{"rendered":"Men\u00f9"},"content":{"rendered":"\t\t<div data-elementor-type=\"wp-page\" data-elementor-id=\"717\" class=\"elementor elementor-717\">\n\t\t\t\t\t\t<section class=\"elementor-section elementor-top-section elementor-element elementor-element-cfd8400 elementor-section-stretched elementor-section-boxed elementor-section-height-default elementor-section-height-default\" data-id=\"cfd8400\" data-element_type=\"section\" data-e-type=\"section\" data-settings=\"{&quot;stretch_section&quot;:&quot;section-stretched&quot;}\">\n\t\t\t\t\t\t<div class=\"elementor-container elementor-column-gap-default\">\n\t\t\t\t\t<div class=\"elementor-column elementor-col-100 elementor-top-column elementor-element elementor-element-b8f6eb6\" data-id=\"b8f6eb6\" data-element_type=\"column\" data-e-type=\"column\">\n\t\t\t<div class=\"elementor-widget-wrap elementor-element-populated\">\n\t\t\t\t\t\t<section class=\"elementor-section elementor-inner-section elementor-element elementor-element-27ca5cf elementor-hidden-mobile elementor-section-boxed elementor-section-height-default elementor-section-height-default\" data-id=\"27ca5cf\" data-element_type=\"section\" data-e-type=\"section\">\n\t\t\t\t\t\t<div class=\"elementor-container elementor-column-gap-default\">\n\t\t\t\t\t<div class=\"elementor-column elementor-col-50 elementor-inner-column elementor-element elementor-element-941256a\" data-id=\"941256a\" data-element_type=\"column\" data-e-type=\"column\">\n\t\t\t<div class=\"elementor-widget-wrap elementor-element-populated\">\n\t\t\t\t\t\t<div class=\"elementor-element elementor-element-4e737bb elementor-widget elementor-widget-image\" data-id=\"4e737bb\" data-element_type=\"widget\" data-e-type=\"widget\" data-widget_type=\"image.default\">\n\t\t\t\t<div class=\"elementor-widget-container\">\n\t\t\t\t\t\t\t\t\t\t\t\t\t\t\t<img fetchpriority=\"high\" decoding=\"async\" width=\"800\" height=\"600\" src=\"https:\/\/sushikings.it\/wp-content\/uploads\/2022\/03\/272298374_463173158869582_8009555410303572905_n-1024x768.jpg\" class=\"attachment-large size-large wp-image-900\" alt=\"\" srcset=\"https:\/\/sushikings.it\/wp-content\/uploads\/2022\/03\/272298374_463173158869582_8009555410303572905_n-1024x768.jpg 1024w, https:\/\/sushikings.it\/wp-content\/uploads\/2022\/03\/272298374_463173158869582_8009555410303572905_n-300x225.jpg 300w, https:\/\/sushikings.it\/wp-content\/uploads\/2022\/03\/272298374_463173158869582_8009555410303572905_n-768x576.jpg 768w, https:\/\/sushikings.it\/wp-content\/uploads\/2022\/03\/272298374_463173158869582_8009555410303572905_n.jpg 1440w\" sizes=\"(max-width: 800px) 100vw, 800px\" \/>\t\t\t\t\t\t\t\t\t\t\t\t\t\t\t<\/div>\n\t\t\t\t<\/div>\n\t\t\t\t\t<\/div>\n\t\t<\/div>\n\t\t\t\t<div class=\"elementor-column elementor-col-50 elementor-inner-column elementor-element elementor-element-3d594f1\" data-id=\"3d594f1\" data-element_type=\"column\" data-e-type=\"column\">\n\t\t\t<div class=\"elementor-widget-wrap elementor-element-populated\">\n\t\t\t\t\t\t<div class=\"elementor-element elementor-element-160d00a elementor-widget elementor-widget-text-editor\" data-id=\"160d00a\" data-element_type=\"widget\" data-e-type=\"widget\" data-widget_type=\"text-editor.default\">\n\t\t\t\t<div class=\"elementor-widget-container\">\n\t\t\t\t\t\t\t\t\t<h1>\u00a0<\/h1><h1>\u00a0<\/h1><h1 style=\"text-align: center;\"><a href=\"https:\/\/sushikings.it\/?page_id=72\"><span style=\"font-size: 2.2em; word-spacing: normal;\">Men\u00f9 ARZIGNANO<\/span><\/a><\/h1>\t\t\t\t\t\t\t\t<\/div>\n\t\t\t\t<\/div>\n\t\t\t\t\t<\/div>\n\t\t<\/div>\n\t\t\t\t\t<\/div>\n\t\t<\/section>\n\t\t\t\t<section class=\"elementor-section elementor-inner-section elementor-element elementor-element-ee9854a elementor-hidden-desktop elementor-hidden-tablet elementor-section-boxed elementor-section-height-default elementor-section-height-default\" data-id=\"ee9854a\" data-element_type=\"section\" data-e-type=\"section\">\n\t\t\t\t\t\t<div class=\"elementor-container elementor-column-gap-default\">\n\t\t\t\t\t<div class=\"elementor-column elementor-col-50 elementor-inner-column elementor-element elementor-element-6597891\" data-id=\"6597891\" data-element_type=\"column\" data-e-type=\"column\">\n\t\t\t<div class=\"elementor-widget-wrap elementor-element-populated\">\n\t\t\t\t\t\t<div class=\"elementor-element elementor-element-2d12f74 elementor-widget elementor-widget-image\" data-id=\"2d12f74\" data-element_type=\"widget\" data-e-type=\"widget\" data-widget_type=\"image.default\">\n\t\t\t\t<div class=\"elementor-widget-container\">\n\t\t\t\t\t\t\t\t\t\t\t\t\t\t\t<img fetchpriority=\"high\" decoding=\"async\" width=\"800\" height=\"600\" src=\"https:\/\/sushikings.it\/wp-content\/uploads\/2022\/03\/272298374_463173158869582_8009555410303572905_n-1024x768.jpg\" class=\"attachment-large size-large wp-image-900\" alt=\"\" srcset=\"https:\/\/sushikings.it\/wp-content\/uploads\/2022\/03\/272298374_463173158869582_8009555410303572905_n-1024x768.jpg 1024w, https:\/\/sushikings.it\/wp-content\/uploads\/2022\/03\/272298374_463173158869582_8009555410303572905_n-300x225.jpg 300w, https:\/\/sushikings.it\/wp-content\/uploads\/2022\/03\/272298374_463173158869582_8009555410303572905_n-768x576.jpg 768w, https:\/\/sushikings.it\/wp-content\/uploads\/2022\/03\/272298374_463173158869582_8009555410303572905_n.jpg 1440w\" sizes=\"(max-width: 800px) 100vw, 800px\" \/>\t\t\t\t\t\t\t\t\t\t\t\t\t\t\t<\/div>\n\t\t\t\t<\/div>\n\t\t\t\t\t<\/div>\n\t\t<\/div>\n\t\t\t\t<div class=\"elementor-column elementor-col-50 elementor-inner-column elementor-element elementor-element-d5ea893\" data-id=\"d5ea893\" data-element_type=\"column\" data-e-type=\"column\">\n\t\t\t<div class=\"elementor-widget-wrap elementor-element-populated\">\n\t\t\t\t\t\t<div class=\"elementor-element elementor-element-a7db20b elementor-widget elementor-widget-text-editor\" data-id=\"a7db20b\" data-element_type=\"widget\" data-e-type=\"widget\" data-widget_type=\"text-editor.default\">\n\t\t\t\t<div class=\"elementor-widget-container\">\n\t\t\t\t\t\t\t\t\t<h1 style=\"text-align: center;\"><a href=\"https:\/\/sushikings.it\/?page_id=72\">Men\u00f9 Arzignano<\/a><\/h1>\t\t\t\t\t\t\t\t<\/div>\n\t\t\t\t<\/div>\n\t\t\t\t\t<\/div>\n\t\t<\/div>\n\t\t\t\t\t<\/div>\n\t\t<\/section>\n\t\t\t\t\t<\/div>\n\t\t<\/div>\n\t\t\t\t\t<\/div>\n\t\t<\/section>\n\t\t\t\t<section class=\"elementor-section elementor-top-section elementor-element elementor-element-722747b elementor-section-stretched elementor-section-boxed elementor-section-height-default elementor-section-height-default\" data-id=\"722747b\" data-element_type=\"section\" data-e-type=\"section\" data-settings=\"{&quot;stretch_section&quot;:&quot;section-stretched&quot;}\">\n\t\t\t\t\t\t<div class=\"elementor-container elementor-column-gap-default\">\n\t\t\t\t\t<div class=\"elementor-column elementor-col-100 elementor-top-column elementor-element elementor-element-647d875\" data-id=\"647d875\" data-element_type=\"column\" data-e-type=\"column\">\n\t\t\t<div class=\"elementor-widget-wrap elementor-element-populated\">\n\t\t\t\t\t\t<section class=\"elementor-section elementor-inner-section elementor-element elementor-element-3510da4 elementor-hidden-mobile elementor-section-boxed elementor-section-height-default elementor-section-height-default\" data-id=\"3510da4\" data-element_type=\"section\" data-e-type=\"section\">\n\t\t\t\t\t\t<div class=\"elementor-container elementor-column-gap-default\">\n\t\t\t\t\t<div class=\"elementor-column elementor-col-50 elementor-inner-column elementor-element elementor-element-0be970b\" data-id=\"0be970b\" data-element_type=\"column\" data-e-type=\"column\">\n\t\t\t<div class=\"elementor-widget-wrap elementor-element-populated\">\n\t\t\t\t\t\t<div class=\"elementor-element elementor-element-07b46c7 elementor-widget elementor-widget-image\" data-id=\"07b46c7\" data-element_type=\"widget\" data-e-type=\"widget\" data-widget_type=\"image.default\">\n\t\t\t\t<div class=\"elementor-widget-container\">\n\t\t\t\t\t\t\t\t\t\t\t\t\t\t\t<img decoding=\"async\" width=\"800\" height=\"600\" src=\"https:\/\/sushikings.it\/wp-content\/uploads\/2022\/03\/251173123_410560647464167_3338868352279465842_n-1024x768.jpg\" class=\"attachment-large size-large wp-image-899\" alt=\"\" srcset=\"https:\/\/sushikings.it\/wp-content\/uploads\/2022\/03\/251173123_410560647464167_3338868352279465842_n-1024x768.jpg 1024w, https:\/\/sushikings.it\/wp-content\/uploads\/2022\/03\/251173123_410560647464167_3338868352279465842_n-300x225.jpg 300w, https:\/\/sushikings.it\/wp-content\/uploads\/2022\/03\/251173123_410560647464167_3338868352279465842_n-768x576.jpg 768w, https:\/\/sushikings.it\/wp-content\/uploads\/2022\/03\/251173123_410560647464167_3338868352279465842_n.jpg 1440w\" sizes=\"(max-width: 800px) 100vw, 800px\" \/>\t\t\t\t\t\t\t\t\t\t\t\t\t\t\t<\/div>\n\t\t\t\t<\/div>\n\t\t\t\t\t<\/div>\n\t\t<\/div>\n\t\t\t\t<div class=\"elementor-column elementor-col-50 elementor-inner-column elementor-element elementor-element-d0a731b\" data-id=\"d0a731b\" data-element_type=\"column\" data-e-type=\"column\">\n\t\t\t<div class=\"elementor-widget-wrap elementor-element-populated\">\n\t\t\t\t\t\t<div class=\"elementor-element elementor-element-7b50ff5 elementor-widget elementor-widget-text-editor\" data-id=\"7b50ff5\" data-element_type=\"widget\" data-e-type=\"widget\" data-widget_type=\"text-editor.default\">\n\t\t\t\t<div class=\"elementor-widget-container\">\n\t\t\t\t\t\t\t\t\t<h1>\u00a0<\/h1><h1>\u00a0<\/h1><h1>\u00a0<\/h1><h1 style=\"text-align: center;\"><a href=\"https:\/\/sushikings.it\/?page_id=683\"><span style=\"font-size: 2.2em; word-spacing: normal;\">Men\u00f9 ROS\u00e0<\/span><\/a><\/h1>\t\t\t\t\t\t\t\t<\/div>\n\t\t\t\t<\/div>\n\t\t\t\t\t<\/div>\n\t\t<\/div>\n\t\t\t\t\t<\/div>\n\t\t<\/section>\n\t\t\t\t<section class=\"elementor-section elementor-inner-section elementor-element elementor-element-6eab678 elementor-hidden-desktop elementor-hidden-tablet elementor-section-boxed elementor-section-height-default elementor-section-height-default\" data-id=\"6eab678\" data-element_type=\"section\" data-e-type=\"section\">\n\t\t\t\t\t\t<div class=\"elementor-container elementor-column-gap-default\">\n\t\t\t\t\t<div class=\"elementor-column elementor-col-50 elementor-inner-column elementor-element elementor-element-2c8f467\" data-id=\"2c8f467\" data-element_type=\"column\" data-e-type=\"column\">\n\t\t\t<div class=\"elementor-widget-wrap elementor-element-populated\">\n\t\t\t\t\t\t<div class=\"elementor-element elementor-element-1ffeb8b elementor-widget elementor-widget-image\" data-id=\"1ffeb8b\" data-element_type=\"widget\" data-e-type=\"widget\" data-widget_type=\"image.default\">\n\t\t\t\t<div class=\"elementor-widget-container\">\n\t\t\t\t\t\t\t\t\t\t\t\t\t\t\t<img decoding=\"async\" width=\"800\" height=\"600\" src=\"https:\/\/sushikings.it\/wp-content\/uploads\/2022\/03\/251173123_410560647464167_3338868352279465842_n-1024x768.jpg\" class=\"attachment-large size-large wp-image-899\" alt=\"\" srcset=\"https:\/\/sushikings.it\/wp-content\/uploads\/2022\/03\/251173123_410560647464167_3338868352279465842_n-1024x768.jpg 1024w, https:\/\/sushikings.it\/wp-content\/uploads\/2022\/03\/251173123_410560647464167_3338868352279465842_n-300x225.jpg 300w, https:\/\/sushikings.it\/wp-content\/uploads\/2022\/03\/251173123_410560647464167_3338868352279465842_n-768x576.jpg 768w, https:\/\/sushikings.it\/wp-content\/uploads\/2022\/03\/251173123_410560647464167_3338868352279465842_n.jpg 1440w\" sizes=\"(max-width: 800px) 100vw, 800px\" \/>\t\t\t\t\t\t\t\t\t\t\t\t\t\t\t<\/div>\n\t\t\t\t<\/div>\n\t\t\t\t\t<\/div>\n\t\t<\/div>\n\t\t\t\t<div class=\"elementor-column elementor-col-50 elementor-inner-column elementor-element elementor-element-c7c201e\" data-id=\"c7c201e\" data-element_type=\"column\" data-e-type=\"column\">\n\t\t\t<div class=\"elementor-widget-wrap elementor-element-populated\">\n\t\t\t\t\t\t<div class=\"elementor-element elementor-element-b3e654d elementor-widget elementor-widget-text-editor\" data-id=\"b3e654d\" data-element_type=\"widget\" data-e-type=\"widget\" data-widget_type=\"text-editor.default\">\n\t\t\t\t<div class=\"elementor-widget-container\">\n\t\t\t\t\t\t\t\t\t<h1 style=\"text-align: center;\"><a href=\"https:\/\/sushikings.it\/?page_id=683\">Men\u00f9 Ros\u00e0<\/a><\/h1>\t\t\t\t\t\t\t\t<\/div>\n\t\t\t\t<\/div>\n\t\t\t\t\t<\/div>\n\t\t<\/div>\n\t\t\t\t\t<\/div>\n\t\t<\/section>\n\t\t\t\t\t<\/div>\n\t\t<\/div>\n\t\t\t\t\t<\/div>\n\t\t<\/section>\n\t\t\t\t<\/div>\n\t\t","protected":false},"excerpt":{"rendered":"<p>\u00a0 \u00a0 Men\u00f9 ARZIGNANO Men\u00f9 Arzignano \u00a0 \u00a0 \u00a0 Men\u00f9 ROS\u00e0 Men\u00f9 Ros\u00e0<\/p>\n","protected":false},"author":1,"featured_media":0,"parent":0,"menu_order":0,"comment_status":"closed","ping_status":"closed","template":"","meta":{"footnotes":""},"class_list":["post-717","page","type-page","status-publish"],"yoast_head":"<!-- This site is optimized with the Yoast SEO plugin v27.3 - https:\/\/yoast.com\/product\/yoast-seo-wordpress\/ -->\n<title>Men\u00f9 - Sushi King&#039;s<\/title>\n<meta name=\"robots\" content=\"index, follow, max-snippet:-1, max-image-preview:large, max-video-preview:-1\" \/>\n<link rel=\"canonical\" href=\"https:\/\/sushikings.it\/?page_id=717\" \/>\n<meta property=\"og:locale\" content=\"en_US\" \/>\n<meta property=\"og:type\" content=\"article\" \/>\n<meta property=\"og:title\" content=\"Men\u00f9 - Sushi King&#039;s\" \/>\n<meta property=\"og:description\" content=\"\u00a0 \u00a0 Men\u00f9 ARZIGNANO Men\u00f9 Arzignano \u00a0 \u00a0 \u00a0 Men\u00f9 ROS\u00e0 Men\u00f9 Ros\u00e0\" \/>\n<meta property=\"og:url\" content=\"https:\/\/sushikings.it\/?page_id=717\" \/>\n<meta property=\"og:site_name\" content=\"Sushi King&#039;s\" \/>\n<meta property=\"article:modified_time\" content=\"2022-03-11T11:19:58+00:00\" \/>\n<meta property=\"og:image\" content=\"https:\/\/sushikings.it\/wp-content\/uploads\/2022\/03\/272298374_463173158869582_8009555410303572905_n-1024x768.jpg\" \/>\n<meta name=\"twitter:card\" content=\"summary_large_image\" \/>\n<meta name=\"twitter:label1\" content=\"Est. reading time\" \/>\n\t<meta name=\"twitter:data1\" content=\"1 minute\" \/>\n<script type=\"application\/ld+json\" class=\"yoast-schema-graph\">{\"@context\":\"https:\\\/\\\/schema.org\",\"@graph\":[{\"@type\":\"WebPage\",\"@id\":\"https:\\\/\\\/sushikings.it\\\/?page_id=717\",\"url\":\"https:\\\/\\\/sushikings.it\\\/?page_id=717\",\"name\":\"Men\u00f9 - Sushi King&#039;s\",\"isPartOf\":{\"@id\":\"https:\\\/\\\/sushikings.it\\\/#website\"},\"primaryImageOfPage\":{\"@id\":\"https:\\\/\\\/sushikings.it\\\/?page_id=717#primaryimage\"},\"image\":{\"@id\":\"https:\\\/\\\/sushikings.it\\\/?page_id=717#primaryimage\"},\"thumbnailUrl\":\"https:\\\/\\\/sushikings.it\\\/wp-content\\\/uploads\\\/2022\\\/03\\\/272298374_463173158869582_8009555410303572905_n-1024x768.jpg\",\"datePublished\":\"2022-03-07T16:31:22+00:00\",\"dateModified\":\"2022-03-11T11:19:58+00:00\",\"breadcrumb\":{\"@id\":\"https:\\\/\\\/sushikings.it\\\/?page_id=717#breadcrumb\"},\"inLanguage\":\"en-US\",\"potentialAction\":[{\"@type\":\"ReadAction\",\"target\":[\"https:\\\/\\\/sushikings.it\\\/?page_id=717\"]}]},{\"@type\":\"ImageObject\",\"inLanguage\":\"en-US\",\"@id\":\"https:\\\/\\\/sushikings.it\\\/?page_id=717#primaryimage\",\"url\":\"https:\\\/\\\/sushikings.it\\\/wp-content\\\/uploads\\\/2022\\\/03\\\/272298374_463173158869582_8009555410303572905_n.jpg\",\"contentUrl\":\"https:\\\/\\\/sushikings.it\\\/wp-content\\\/uploads\\\/2022\\\/03\\\/272298374_463173158869582_8009555410303572905_n.jpg\",\"width\":1440,\"height\":1080},{\"@type\":\"BreadcrumbList\",\"@id\":\"https:\\\/\\\/sushikings.it\\\/?page_id=717#breadcrumb\",\"itemListElement\":[{\"@type\":\"ListItem\",\"position\":1,\"name\":\"Home\",\"item\":\"https:\\\/\\\/sushikings.it\\\/\"},{\"@type\":\"ListItem\",\"position\":2,\"name\":\"Men\u00f9\"}]},{\"@type\":\"WebSite\",\"@id\":\"https:\\\/\\\/sushikings.it\\\/#website\",\"url\":\"https:\\\/\\\/sushikings.it\\\/\",\"name\":\"Sushi King&#039;s\",\"description\":\"Sushi King&#039;s\",\"potentialAction\":[{\"@type\":\"SearchAction\",\"target\":{\"@type\":\"EntryPoint\",\"urlTemplate\":\"https:\\\/\\\/sushikings.it\\\/?s={search_term_string}\"},\"query-input\":{\"@type\":\"PropertyValueSpecification\",\"valueRequired\":true,\"valueName\":\"search_term_string\"}}],\"inLanguage\":\"en-US\"}]}<\/script>\n<!-- \/ Yoast SEO plugin. -->","yoast_head_json":{"title":"Men\u00f9 - Sushi King&#039;s","robots":{"index":"index","follow":"follow","max-snippet":"max-snippet:-1","max-image-preview":"max-image-preview:large","max-video-preview":"max-video-preview:-1"},"canonical":"https:\/\/sushikings.it\/?page_id=717","og_locale":"en_US","og_type":"article","og_title":"Men\u00f9 - Sushi King&#039;s","og_description":"\u00a0 \u00a0 Men\u00f9 ARZIGNANO Men\u00f9 Arzignano \u00a0 \u00a0 \u00a0 Men\u00f9 ROS\u00e0 Men\u00f9 Ros\u00e0","og_url":"https:\/\/sushikings.it\/?page_id=717","og_site_name":"Sushi King&#039;s","article_modified_time":"2022-03-11T11:19:58+00:00","og_image":[{"url":"https:\/\/sushikings.it\/wp-content\/uploads\/2022\/03\/272298374_463173158869582_8009555410303572905_n-1024x768.jpg","type":"","width":"","height":""}],"twitter_card":"summary_large_image","twitter_misc":{"Est. reading time":"1 minute"},"schema":{"@context":"https:\/\/schema.org","@graph":[{"@type":"WebPage","@id":"https:\/\/sushikings.it\/?page_id=717","url":"https:\/\/sushikings.it\/?page_id=717","name":"Men\u00f9 - Sushi King&#039;s","isPartOf":{"@id":"https:\/\/sushikings.it\/#website"},"primaryImageOfPage":{"@id":"https:\/\/sushikings.it\/?page_id=717#primaryimage"},"image":{"@id":"https:\/\/sushikings.it\/?page_id=717#primaryimage"},"thumbnailUrl":"https:\/\/sushikings.it\/wp-content\/uploads\/2022\/03\/272298374_463173158869582_8009555410303572905_n-1024x768.jpg","datePublished":"2022-03-07T16:31:22+00:00","dateModified":"2022-03-11T11:19:58+00:00","breadcrumb":{"@id":"https:\/\/sushikings.it\/?page_id=717#breadcrumb"},"inLanguage":"en-US","potentialAction":[{"@type":"ReadAction","target":["https:\/\/sushikings.it\/?page_id=717"]}]},{"@type":"ImageObject","inLanguage":"en-US","@id":"https:\/\/sushikings.it\/?page_id=717#primaryimage","url":"https:\/\/sushikings.it\/wp-content\/uploads\/2022\/03\/272298374_463173158869582_8009555410303572905_n.jpg","contentUrl":"https:\/\/sushikings.it\/wp-content\/uploads\/2022\/03\/272298374_463173158869582_8009555410303572905_n.jpg","width":1440,"height":1080},{"@type":"BreadcrumbList","@id":"https:\/\/sushikings.it\/?page_id=717#breadcrumb","itemListElement":[{"@type":"ListItem","position":1,"name":"Home","item":"https:\/\/sushikings.it\/"},{"@type":"ListItem","position":2,"name":"Men\u00f9"}]},{"@type":"WebSite","@id":"https:\/\/sushikings.it\/#website","url":"https:\/\/sushikings.it\/","name":"Sushi King&#039;s","description":"Sushi King&#039;s","potentialAction":[{"@type":"SearchAction","target":{"@type":"EntryPoint","urlTemplate":"https:\/\/sushikings.it\/?s={search_term_string}"},"query-input":{"@type":"PropertyValueSpecification","valueRequired":true,"valueName":"search_term_string"}}],"inLanguage":"en-US"}]}},"_links":{"self":[{"href":"https:\/\/sushikings.it\/index.php?rest_route=\/wp\/v2\/pages\/717","targetHints":{"allow":["GET"]}}],"collection":[{"href":"https:\/\/sushikings.it\/index.php?rest_route=\/wp\/v2\/pages"}],"about":[{"href":"https:\/\/sushikings.it\/index.php?rest_route=\/wp\/v2\/types\/page"}],"author":[{"embeddable":true,"href":"https:\/\/sushikings.it\/index.php?rest_route=\/wp\/v2\/users\/1"}],"replies":[{"embeddable":true,"href":"https:\/\/sushikings.it\/index.php?rest_route=%2Fwp%2Fv2%2Fcomments&post=717"}],"version-history":[{"count":25,"href":"https:\/\/sushikings.it\/index.php?rest_route=\/wp\/v2\/pages\/717\/revisions"}],"predecessor-version":[{"id":1008,"href":"https:\/\/sushikings.it\/index.php?rest_route=\/wp\/v2\/pages\/717\/revisions\/1008"}],"wp:attachment":[{"href":"https:\/\/sushikings.it\/index.php?rest_route=%2Fwp%2Fv2%2Fmedia&parent=717"}],"curies":[{"name":"wp","href":"https:\/\/api.w.org\/{rel}","templated":true}]}}