{"id":72,"date":"2022-02-24T19:20:49","date_gmt":"2022-02-24T19:20:49","guid":{"rendered":"https:\/\/sushikings.it\/?page_id=72"},"modified":"2024-12-12T18:49:50","modified_gmt":"2024-12-12T18:49:50","slug":"all-you-can-eat","status":"publish","type":"page","link":"https:\/\/sushikings.it\/?page_id=72","title":{"rendered":"Arzignano"},"content":{"rendered":"\t\t<div data-elementor-type=\"wp-page\" data-elementor-id=\"72\" class=\"elementor elementor-72\">\n\t\t\t\t\t\t<section class=\"elementor-section elementor-top-section elementor-element elementor-element-16c7901 elementor-section-full_width elementor-section-stretched elementor-section-height-default elementor-section-height-default\" data-id=\"16c7901\" data-element_type=\"section\" data-e-type=\"section\" data-settings=\"{&quot;stretch_section&quot;:&quot;section-stretched&quot;,&quot;background_background&quot;:&quot;classic&quot;}\">\n\t\t\t\t\t\t\t<div class=\"elementor-background-overlay\"><\/div>\n\t\t\t\t\t\t\t<div class=\"elementor-container elementor-column-gap-default\">\n\t\t\t\t\t<div class=\"elementor-column elementor-col-50 elementor-top-column elementor-element elementor-element-e2d8288\" data-id=\"e2d8288\" data-element_type=\"column\" data-e-type=\"column\">\n\t\t\t<div class=\"elementor-widget-wrap elementor-element-populated\">\n\t\t\t\t\t\t<div class=\"elementor-element elementor-element-2e3962b elementor-widget elementor-widget-text-editor\" data-id=\"2e3962b\" data-element_type=\"widget\" data-e-type=\"widget\" data-widget_type=\"text-editor.default\">\n\t\t\t\t<div class=\"elementor-widget-container\">\n\t\t\t\t\t\t\t\t\t<h2>\u00a0<\/h2><h2 style=\"text-align: center;\">SUSHI KING&#8217;S ARZIGNANO<\/h2><p style=\"text-align: center;\"><span style=\"color: #ffffff;\">Via IV Martiri,10 36071 Arzignano<\/span><\/p><p style=\"text-align: center;\"><span style=\"color: #ffffff;\">Tel : 0444663275<\/span><\/p><p style=\"text-align: center;\"><span style=\"color: #ffffff;\">Email: sushikings002@gmail.com<\/span><\/p>\t\t\t\t\t\t\t\t<\/div>\n\t\t\t\t<\/div>\n\t\t\t\t\t<\/div>\n\t\t<\/div>\n\t\t\t\t<div class=\"elementor-column elementor-col-50 elementor-top-column elementor-element elementor-element-4340056\" data-id=\"4340056\" data-element_type=\"column\" data-e-type=\"column\" id=\"menn\">\n\t\t\t<div class=\"elementor-widget-wrap elementor-element-populated\">\n\t\t\t\t\t\t<div class=\"elementor-element elementor-element-8c4564f elementor-widget elementor-widget-spacer\" data-id=\"8c4564f\" data-element_type=\"widget\" data-e-type=\"widget\" data-widget_type=\"spacer.default\">\n\t\t\t\t<div class=\"elementor-widget-container\">\n\t\t\t\t\t\t\t<div class=\"elementor-spacer\">\n\t\t\t<div class=\"elementor-spacer-inner\"><\/div>\n\t\t<\/div>\n\t\t\t\t\t\t<\/div>\n\t\t\t\t<\/div>\n\t\t\t\t<div class=\"elementor-element elementor-element-cba9103 elementor-widget elementor-widget-heading\" data-id=\"cba9103\" data-element_type=\"widget\" data-e-type=\"widget\" data-widget_type=\"heading.default\">\n\t\t\t\t<div class=\"elementor-widget-container\">\n\t\t\t\t\t<h2 class=\"elementor-heading-title elementor-size-default\"><a href=\"https:\/\/sushikings.it\/wp-content\/uploads\/2024\/12\/ARZIGNANO-pranzo.pdf\">Men\u00f9 pranzo<\/a><\/h2>\t\t\t\t<\/div>\n\t\t\t\t<\/div>\n\t\t\t\t<div class=\"elementor-element elementor-element-6549855 elementor-widget elementor-widget-heading\" data-id=\"6549855\" data-element_type=\"widget\" data-e-type=\"widget\" data-widget_type=\"heading.default\">\n\t\t\t\t<div class=\"elementor-widget-container\">\n\t\t\t\t\t<h2 class=\"elementor-heading-title elementor-size-default\"><a href=\"https:\/\/sushikings.it\/wp-content\/uploads\/2024\/12\/ARZIGNANO-pranzo-festivi.pdf\">Men\u00f9 pranzo festivo<\/a><\/h2>\t\t\t\t<\/div>\n\t\t\t\t<\/div>\n\t\t\t\t<div class=\"elementor-element elementor-element-90eeb26 elementor-widget elementor-widget-heading\" data-id=\"90eeb26\" data-element_type=\"widget\" data-e-type=\"widget\" data-widget_type=\"heading.default\">\n\t\t\t\t<div class=\"elementor-widget-container\">\n\t\t\t\t\t<h2 class=\"elementor-heading-title elementor-size-default\"><a href=\"https:\/\/sushikings.it\/wp-content\/uploads\/2024\/12\/ARZIGNANO-cena.pdf\">Men\u00f9 cena<\/a><\/h2>\t\t\t\t<\/div>\n\t\t\t\t<\/div>\n\t\t\t\t<div class=\"elementor-element elementor-element-22c7cdd elementor-widget elementor-widget-spacer\" data-id=\"22c7cdd\" data-element_type=\"widget\" data-e-type=\"widget\" data-widget_type=\"spacer.default\">\n\t\t\t\t<div class=\"elementor-widget-container\">\n\t\t\t\t\t\t\t<div class=\"elementor-spacer\">\n\t\t\t<div class=\"elementor-spacer-inner\"><\/div>\n\t\t<\/div>\n\t\t\t\t\t\t<\/div>\n\t\t\t\t<\/div>\n\t\t\t\t\t<\/div>\n\t\t<\/div>\n\t\t\t\t\t<\/div>\n\t\t<\/section>\n\t\t\t\t<section class=\"elementor-section elementor-top-section elementor-element elementor-element-ccdab2f elementor-section-boxed elementor-section-height-default elementor-section-height-default\" data-id=\"ccdab2f\" data-element_type=\"section\" data-e-type=\"section\">\n\t\t\t\t\t\t<div class=\"elementor-container elementor-column-gap-default\">\n\t\t\t\t\t<div class=\"elementor-column elementor-col-100 elementor-top-column elementor-element elementor-element-e2446dc\" data-id=\"e2446dc\" data-element_type=\"column\" data-e-type=\"column\">\n\t\t\t<div class=\"elementor-widget-wrap elementor-element-populated\">\n\t\t\t\t\t\t<div class=\"elementor-element elementor-element-ceb8326 elementor-widget elementor-widget-spacer\" data-id=\"ceb8326\" data-element_type=\"widget\" data-e-type=\"widget\" data-widget_type=\"spacer.default\">\n\t\t\t\t<div class=\"elementor-widget-container\">\n\t\t\t\t\t\t\t<div class=\"elementor-spacer\">\n\t\t\t<div class=\"elementor-spacer-inner\"><\/div>\n\t\t<\/div>\n\t\t\t\t\t\t<\/div>\n\t\t\t\t<\/div>\n\t\t\t\t\t<\/div>\n\t\t<\/div>\n\t\t\t\t\t<\/div>\n\t\t<\/section>\n\t\t\t\t<section class=\"elementor-section elementor-top-section elementor-element elementor-element-720c08d elementor-section-stretched elementor-section-boxed elementor-section-height-default elementor-section-height-default\" data-id=\"720c08d\" data-element_type=\"section\" data-e-type=\"section\" data-settings=\"{&quot;stretch_section&quot;:&quot;section-stretched&quot;}\">\n\t\t\t\t\t\t<div class=\"elementor-container elementor-column-gap-default\">\n\t\t\t\t\t<div class=\"elementor-column elementor-col-100 elementor-top-column elementor-element elementor-element-435c63f\" data-id=\"435c63f\" data-element_type=\"column\" data-e-type=\"column\">\n\t\t\t<div class=\"elementor-widget-wrap elementor-element-populated\">\n\t\t\t\t\t\t<div class=\"elementor-element elementor-element-6680d2d elementor-widget elementor-widget-heading\" data-id=\"6680d2d\" data-element_type=\"widget\" data-e-type=\"widget\" data-widget_type=\"heading.default\">\n\t\t\t\t<div class=\"elementor-widget-container\">\n\t\t\t\t\t<h2 class=\"elementor-heading-title elementor-size-default\">La nostra location<\/h2>\t\t\t\t<\/div>\n\t\t\t\t<\/div>\n\t\t\t\t\t<\/div>\n\t\t<\/div>\n\t\t\t\t\t<\/div>\n\t\t<\/section>\n\t\t\t\t<section class=\"elementor-section elementor-top-section elementor-element elementor-element-c7545dc elementor-section-boxed elementor-section-height-default elementor-section-height-default\" data-id=\"c7545dc\" data-element_type=\"section\" data-e-type=\"section\">\n\t\t\t\t\t\t<div class=\"elementor-container elementor-column-gap-default\">\n\t\t\t\t\t<div class=\"elementor-column elementor-col-100 elementor-top-column elementor-element elementor-element-a184c30\" data-id=\"a184c30\" data-element_type=\"column\" data-e-type=\"column\">\n\t\t\t<div class=\"elementor-widget-wrap elementor-element-populated\">\n\t\t\t\t\t\t<div class=\"elementor-element elementor-element-51861b1 elementor-widget elementor-widget-spacer\" data-id=\"51861b1\" data-element_type=\"widget\" data-e-type=\"widget\" data-widget_type=\"spacer.default\">\n\t\t\t\t<div class=\"elementor-widget-container\">\n\t\t\t\t\t\t\t<div class=\"elementor-spacer\">\n\t\t\t<div class=\"elementor-spacer-inner\"><\/div>\n\t\t<\/div>\n\t\t\t\t\t\t<\/div>\n\t\t\t\t<\/div>\n\t\t\t\t\t<\/div>\n\t\t<\/div>\n\t\t\t\t\t<\/div>\n\t\t<\/section>\n\t\t\t\t<section class=\"elementor-section elementor-top-section elementor-element elementor-element-547b4bd elementor-section-stretched elementor-section-boxed elementor-section-height-default elementor-section-height-default\" data-id=\"547b4bd\" data-element_type=\"section\" data-e-type=\"section\" data-settings=\"{&quot;stretch_section&quot;:&quot;section-stretched&quot;}\">\n\t\t\t\t\t\t<div class=\"elementor-container elementor-column-gap-default\">\n\t\t\t\t\t<div class=\"elementor-column elementor-col-50 elementor-top-column elementor-element elementor-element-00257a6\" data-id=\"00257a6\" data-element_type=\"column\" data-e-type=\"column\">\n\t\t\t<div class=\"elementor-widget-wrap elementor-element-populated\">\n\t\t\t\t\t\t<div class=\"elementor-element elementor-element-426654b elementor-widget elementor-widget-image\" data-id=\"426654b\" data-element_type=\"widget\" data-e-type=\"widget\" data-widget_type=\"image.default\">\n\t\t\t\t<div class=\"elementor-widget-container\">\n\t\t\t\t\t\t\t\t\t\t\t\t\t\t\t<img fetchpriority=\"high\" decoding=\"async\" width=\"800\" height=\"360\" src=\"https:\/\/sushikings.it\/wp-content\/uploads\/2022\/03\/IMG-4158-1-1024x461.jpg\" class=\"attachment-large size-large wp-image-663\" alt=\"\" srcset=\"https:\/\/sushikings.it\/wp-content\/uploads\/2022\/03\/IMG-4158-1-1024x461.jpg 1024w, https:\/\/sushikings.it\/wp-content\/uploads\/2022\/03\/IMG-4158-1-300x135.jpg 300w, https:\/\/sushikings.it\/wp-content\/uploads\/2022\/03\/IMG-4158-1-768x346.jpg 768w, https:\/\/sushikings.it\/wp-content\/uploads\/2022\/03\/IMG-4158-1-1536x691.jpg 1536w, https:\/\/sushikings.it\/wp-content\/uploads\/2022\/03\/IMG-4158-1-2048x922.jpg 2048w\" sizes=\"(max-width: 800px) 100vw, 800px\" \/>\t\t\t\t\t\t\t\t\t\t\t\t\t\t\t<\/div>\n\t\t\t\t<\/div>\n\t\t\t\t\t<\/div>\n\t\t<\/div>\n\t\t\t\t<div class=\"elementor-column elementor-col-50 elementor-top-column elementor-element elementor-element-b7ead1c\" data-id=\"b7ead1c\" data-element_type=\"column\" data-e-type=\"column\">\n\t\t\t<div class=\"elementor-widget-wrap elementor-element-populated\">\n\t\t\t\t\t\t<div class=\"elementor-element elementor-element-d8d3887 elementor-widget elementor-widget-image\" data-id=\"d8d3887\" data-element_type=\"widget\" data-e-type=\"widget\" data-widget_type=\"image.default\">\n\t\t\t\t<div class=\"elementor-widget-container\">\n\t\t\t\t\t\t\t\t\t\t\t\t\t\t\t<img decoding=\"async\" width=\"800\" height=\"360\" src=\"https:\/\/sushikings.it\/wp-content\/uploads\/2022\/03\/71b42fc7-ceb6-4783-844c-f04e8ce746b9-1-1024x461.jpg\" class=\"attachment-large size-large wp-image-661\" alt=\"\" srcset=\"https:\/\/sushikings.it\/wp-content\/uploads\/2022\/03\/71b42fc7-ceb6-4783-844c-f04e8ce746b9-1-1024x461.jpg 1024w, https:\/\/sushikings.it\/wp-content\/uploads\/2022\/03\/71b42fc7-ceb6-4783-844c-f04e8ce746b9-1-300x135.jpg 300w, https:\/\/sushikings.it\/wp-content\/uploads\/2022\/03\/71b42fc7-ceb6-4783-844c-f04e8ce746b9-1-768x345.jpg 768w, https:\/\/sushikings.it\/wp-content\/uploads\/2022\/03\/71b42fc7-ceb6-4783-844c-f04e8ce746b9-1-1536x691.jpg 1536w, https:\/\/sushikings.it\/wp-content\/uploads\/2022\/03\/71b42fc7-ceb6-4783-844c-f04e8ce746b9-1.jpg 2048w\" sizes=\"(max-width: 800px) 100vw, 800px\" \/>\t\t\t\t\t\t\t\t\t\t\t\t\t\t\t<\/div>\n\t\t\t\t<\/div>\n\t\t\t\t\t<\/div>\n\t\t<\/div>\n\t\t\t\t\t<\/div>\n\t\t<\/section>\n\t\t\t\t<section class=\"elementor-section elementor-top-section elementor-element elementor-element-94d0f75 elementor-section-stretched elementor-section-boxed elementor-section-height-default elementor-section-height-default\" data-id=\"94d0f75\" data-element_type=\"section\" data-e-type=\"section\" data-settings=\"{&quot;stretch_section&quot;:&quot;section-stretched&quot;}\">\n\t\t\t\t\t\t<div class=\"elementor-container elementor-column-gap-default\">\n\t\t\t\t\t<div class=\"elementor-column elementor-col-100 elementor-top-column elementor-element elementor-element-be8bad2\" data-id=\"be8bad2\" data-element_type=\"column\" data-e-type=\"column\">\n\t\t\t<div class=\"elementor-widget-wrap elementor-element-populated\">\n\t\t\t\t\t\t<div class=\"elementor-element elementor-element-5cb8fc2 elementor-widget elementor-widget-image\" data-id=\"5cb8fc2\" data-element_type=\"widget\" data-e-type=\"widget\" data-widget_type=\"image.default\">\n\t\t\t\t<div class=\"elementor-widget-container\">\n\t\t\t\t\t\t\t\t\t\t\t\t\t\t\t<img decoding=\"async\" width=\"461\" height=\"1024\" src=\"https:\/\/sushikings.it\/wp-content\/uploads\/2022\/03\/5a250a33-3e4e-4e63-a39b-e2c0682b28f8-1-461x1024.jpg\" class=\"attachment-large size-large wp-image-662\" alt=\"\" srcset=\"https:\/\/sushikings.it\/wp-content\/uploads\/2022\/03\/5a250a33-3e4e-4e63-a39b-e2c0682b28f8-1-461x1024.jpg 461w, https:\/\/sushikings.it\/wp-content\/uploads\/2022\/03\/5a250a33-3e4e-4e63-a39b-e2c0682b28f8-1-135x300.jpg 135w, https:\/\/sushikings.it\/wp-content\/uploads\/2022\/03\/5a250a33-3e4e-4e63-a39b-e2c0682b28f8-1-768x1708.jpg 768w, https:\/\/sushikings.it\/wp-content\/uploads\/2022\/03\/5a250a33-3e4e-4e63-a39b-e2c0682b28f8-1-691x1536.jpg 691w, https:\/\/sushikings.it\/wp-content\/uploads\/2022\/03\/5a250a33-3e4e-4e63-a39b-e2c0682b28f8-1.jpg 921w\" sizes=\"(max-width: 461px) 100vw, 461px\" \/>\t\t\t\t\t\t\t\t\t\t\t\t\t\t\t<\/div>\n\t\t\t\t<\/div>\n\t\t\t\t\t<\/div>\n\t\t<\/div>\n\t\t\t\t\t<\/div>\n\t\t<\/section>\n\t\t\t\t<\/div>\n\t\t","protected":false},"excerpt":{"rendered":"<p>\u00a0 SUSHI KING&#8217;S ARZIGNANO Via IV Martiri,10 36071 Arzignano Tel : 0444663275 Email: sushikings002@gmail.com Men\u00f9 pranzo Men\u00f9 pranzo festivo Men\u00f9 cena La nostra location<\/p>\n","protected":false},"author":1,"featured_media":0,"parent":0,"menu_order":0,"comment_status":"closed","ping_status":"closed","template":"","meta":{"footnotes":""},"class_list":["post-72","page","type-page","status-publish"],"yoast_head":"<!-- This site is optimized with the Yoast SEO plugin v27.5 - https:\/\/yoast.com\/product\/yoast-seo-wordpress\/ -->\n<title>Arzignano - Sushi King&#039;s<\/title>\n<meta name=\"robots\" content=\"index, follow, max-snippet:-1, max-image-preview:large, max-video-preview:-1\" \/>\n<link rel=\"canonical\" href=\"https:\/\/sushikings.it\/?page_id=72\" \/>\n<meta property=\"og:locale\" content=\"en_US\" \/>\n<meta property=\"og:type\" content=\"article\" \/>\n<meta property=\"og:title\" content=\"Arzignano - Sushi King&#039;s\" \/>\n<meta property=\"og:description\" content=\"\u00a0 SUSHI KING&#8217;S ARZIGNANO Via IV Martiri,10 36071 Arzignano Tel : 0444663275 Email: sushikings002@gmail.com Men\u00f9 pranzo Men\u00f9 pranzo festivo Men\u00f9 cena La nostra location\" \/>\n<meta property=\"og:url\" content=\"https:\/\/sushikings.it\/?page_id=72\" \/>\n<meta property=\"og:site_name\" content=\"Sushi King&#039;s\" \/>\n<meta property=\"article:modified_time\" content=\"2024-12-12T18:49:50+00:00\" \/>\n<meta property=\"og:image\" content=\"https:\/\/sushikings.it\/wp-content\/uploads\/2022\/03\/IMG-4158-1-scaled.jpg\" \/>\n\t<meta property=\"og:image:width\" content=\"2560\" \/>\n\t<meta property=\"og:image:height\" content=\"1152\" \/>\n\t<meta property=\"og:image:type\" content=\"image\/jpeg\" \/>\n<meta name=\"twitter:card\" content=\"summary_large_image\" \/>\n<meta name=\"twitter:label1\" content=\"Est. reading time\" \/>\n\t<meta name=\"twitter:data1\" content=\"1 minute\" \/>\n<script type=\"application\/ld+json\" class=\"yoast-schema-graph\">{\"@context\":\"https:\\\/\\\/schema.org\",\"@graph\":[{\"@type\":\"WebPage\",\"@id\":\"https:\\\/\\\/sushikings.it\\\/?page_id=72\",\"url\":\"https:\\\/\\\/sushikings.it\\\/?page_id=72\",\"name\":\"Arzignano - Sushi King&#039;s\",\"isPartOf\":{\"@id\":\"https:\\\/\\\/sushikings.it\\\/#website\"},\"primaryImageOfPage\":{\"@id\":\"https:\\\/\\\/sushikings.it\\\/?page_id=72#primaryimage\"},\"image\":{\"@id\":\"https:\\\/\\\/sushikings.it\\\/?page_id=72#primaryimage\"},\"thumbnailUrl\":\"https:\\\/\\\/sushikings.it\\\/wp-content\\\/uploads\\\/2022\\\/03\\\/IMG-4158-1-1024x461.jpg\",\"datePublished\":\"2022-02-24T19:20:49+00:00\",\"dateModified\":\"2024-12-12T18:49:50+00:00\",\"breadcrumb\":{\"@id\":\"https:\\\/\\\/sushikings.it\\\/?page_id=72#breadcrumb\"},\"inLanguage\":\"en-US\",\"potentialAction\":[{\"@type\":\"ReadAction\",\"target\":[\"https:\\\/\\\/sushikings.it\\\/?page_id=72\"]}]},{\"@type\":\"ImageObject\",\"inLanguage\":\"en-US\",\"@id\":\"https:\\\/\\\/sushikings.it\\\/?page_id=72#primaryimage\",\"url\":\"https:\\\/\\\/sushikings.it\\\/wp-content\\\/uploads\\\/2022\\\/03\\\/IMG-4158-1-1024x461.jpg\",\"contentUrl\":\"https:\\\/\\\/sushikings.it\\\/wp-content\\\/uploads\\\/2022\\\/03\\\/IMG-4158-1-1024x461.jpg\"},{\"@type\":\"BreadcrumbList\",\"@id\":\"https:\\\/\\\/sushikings.it\\\/?page_id=72#breadcrumb\",\"itemListElement\":[{\"@type\":\"ListItem\",\"position\":1,\"name\":\"Home\",\"item\":\"https:\\\/\\\/sushikings.it\\\/\"},{\"@type\":\"ListItem\",\"position\":2,\"name\":\"Arzignano\"}]},{\"@type\":\"WebSite\",\"@id\":\"https:\\\/\\\/sushikings.it\\\/#website\",\"url\":\"https:\\\/\\\/sushikings.it\\\/\",\"name\":\"Sushi King&#039;s\",\"description\":\"Sushi King&#039;s\",\"potentialAction\":[{\"@type\":\"SearchAction\",\"target\":{\"@type\":\"EntryPoint\",\"urlTemplate\":\"https:\\\/\\\/sushikings.it\\\/?s={search_term_string}\"},\"query-input\":{\"@type\":\"PropertyValueSpecification\",\"valueRequired\":true,\"valueName\":\"search_term_string\"}}],\"inLanguage\":\"en-US\"}]}<\/script>\n<!-- \/ Yoast SEO plugin. -->","yoast_head_json":{"title":"Arzignano - Sushi King&#039;s","robots":{"index":"index","follow":"follow","max-snippet":"max-snippet:-1","max-image-preview":"max-image-preview:large","max-video-preview":"max-video-preview:-1"},"canonical":"https:\/\/sushikings.it\/?page_id=72","og_locale":"en_US","og_type":"article","og_title":"Arzignano - Sushi King&#039;s","og_description":"\u00a0 SUSHI KING&#8217;S ARZIGNANO Via IV Martiri,10 36071 Arzignano Tel : 0444663275 Email: sushikings002@gmail.com Men\u00f9 pranzo Men\u00f9 pranzo festivo Men\u00f9 cena La nostra location","og_url":"https:\/\/sushikings.it\/?page_id=72","og_site_name":"Sushi King&#039;s","article_modified_time":"2024-12-12T18:49:50+00:00","og_image":[{"width":2560,"height":1152,"url":"https:\/\/sushikings.it\/wp-content\/uploads\/2022\/03\/IMG-4158-1-scaled.jpg","type":"image\/jpeg"}],"twitter_card":"summary_large_image","twitter_misc":{"Est. reading time":"1 minute"},"schema":{"@context":"https:\/\/schema.org","@graph":[{"@type":"WebPage","@id":"https:\/\/sushikings.it\/?page_id=72","url":"https:\/\/sushikings.it\/?page_id=72","name":"Arzignano - Sushi King&#039;s","isPartOf":{"@id":"https:\/\/sushikings.it\/#website"},"primaryImageOfPage":{"@id":"https:\/\/sushikings.it\/?page_id=72#primaryimage"},"image":{"@id":"https:\/\/sushikings.it\/?page_id=72#primaryimage"},"thumbnailUrl":"https:\/\/sushikings.it\/wp-content\/uploads\/2022\/03\/IMG-4158-1-1024x461.jpg","datePublished":"2022-02-24T19:20:49+00:00","dateModified":"2024-12-12T18:49:50+00:00","breadcrumb":{"@id":"https:\/\/sushikings.it\/?page_id=72#breadcrumb"},"inLanguage":"en-US","potentialAction":[{"@type":"ReadAction","target":["https:\/\/sushikings.it\/?page_id=72"]}]},{"@type":"ImageObject","inLanguage":"en-US","@id":"https:\/\/sushikings.it\/?page_id=72#primaryimage","url":"https:\/\/sushikings.it\/wp-content\/uploads\/2022\/03\/IMG-4158-1-1024x461.jpg","contentUrl":"https:\/\/sushikings.it\/wp-content\/uploads\/2022\/03\/IMG-4158-1-1024x461.jpg"},{"@type":"BreadcrumbList","@id":"https:\/\/sushikings.it\/?page_id=72#breadcrumb","itemListElement":[{"@type":"ListItem","position":1,"name":"Home","item":"https:\/\/sushikings.it\/"},{"@type":"ListItem","position":2,"name":"Arzignano"}]},{"@type":"WebSite","@id":"https:\/\/sushikings.it\/#website","url":"https:\/\/sushikings.it\/","name":"Sushi King&#039;s","description":"Sushi King&#039;s","potentialAction":[{"@type":"SearchAction","target":{"@type":"EntryPoint","urlTemplate":"https:\/\/sushikings.it\/?s={search_term_string}"},"query-input":{"@type":"PropertyValueSpecification","valueRequired":true,"valueName":"search_term_string"}}],"inLanguage":"en-US"}]}},"_links":{"self":[{"href":"https:\/\/sushikings.it\/index.php?rest_route=\/wp\/v2\/pages\/72","targetHints":{"allow":["GET"]}}],"collection":[{"href":"https:\/\/sushikings.it\/index.php?rest_route=\/wp\/v2\/pages"}],"about":[{"href":"https:\/\/sushikings.it\/index.php?rest_route=\/wp\/v2\/types\/page"}],"author":[{"embeddable":true,"href":"https:\/\/sushikings.it\/index.php?rest_route=\/wp\/v2\/users\/1"}],"replies":[{"embeddable":true,"href":"https:\/\/sushikings.it\/index.php?rest_route=%2Fwp%2Fv2%2Fcomments&post=72"}],"version-history":[{"count":135,"href":"https:\/\/sushikings.it\/index.php?rest_route=\/wp\/v2\/pages\/72\/revisions"}],"predecessor-version":[{"id":1368,"href":"https:\/\/sushikings.it\/index.php?rest_route=\/wp\/v2\/pages\/72\/revisions\/1368"}],"wp:attachment":[{"href":"https:\/\/sushikings.it\/index.php?rest_route=%2Fwp%2Fv2%2Fmedia&parent=72"}],"curies":[{"name":"wp","href":"https:\/\/api.w.org\/{rel}","templated":true}]}}